{"id":752,"date":"2018-06-01T12:35:51","date_gmt":"2018-06-01T12:35:51","guid":{"rendered":"http:\/\/inphusy.vn\/?page_id=752"},"modified":"2025-10-05T11:09:19","modified_gmt":"2025-10-05T04:09:19","slug":"ve-chung-toi","status":"publish","type":"page","link":"https:\/\/inphusy.vn\/en\/ve-chung-toi","title":{"rendered":"About us"},"content":{"rendered":"<section class=\"fw-main-row ds section_padding_top_100 section_padding_bottom_100\">\n<div class=\"container\">\n<div class=\"row\">\n<div class=\"col-xs-12 col-sm-6\">\n<h4 class=\"bold text-uppercase section_header\">C\u00d4NG TY IN PH\u00da S\u1ef8 &#8211; S\u1ea2N XU\u1ea4T BAO B\u00cc, TEM NH\u00c3N, \u1ea4N PH\u1ea8M H\u00c0NG \u0110\u1ea6U TO\u00c0N QU\u1ed0C<\/h4>\n<p>Main products of Phu Sy Printing:<\/p>\n<p>&#8211; H\u1ed9p qu\u00e0 t\u1eb7ng cao c\u1ea5p<br \/>\n&#8211; H\u1ed9p d\u01b0\u1ee3c ph\u1ea9m, th\u1ef1c ph\u1ea9m, m\u1ef9 ph\u1ea9m, ph\u1ee5 ki\u1ec7n \u0111i\u1ec7n t\u1eed<br \/>\n&#8211; Tem nh\u00e3n, nh\u00e3n cu\u1ed9n<br \/>\n&#8211; \u1ea4n ph\u1ea9m, l\u1ecbch \u0111\u1ed9c quy\u1ec1n.<\/p>\n<p>V\u1edbi 23 n\u0103m kinh nghi\u1ec7m, In Ph\u00fa S\u1ef9 lu\u00f4n n\u00e2ng cao tr\u00e1ch nhi\u1ec7m v\u1edbi kh\u00e1ch h\u00e0ng qua t\u1eebng s\u1ea3n ph\u1ea9m, d\u1ecbch v\u1ee5. V\u1edbi t\u00f4n ch\u1ec9 ho\u1ea1t \u0111\u1ed9ng l\u00e0 \u0111\u00f3ng g\u00f3p v\u00e0o s\u1ef1 th\u00e0nh c\u00f4ng c\u1ee7a Qu\u00fd kh\u00e1ch h\u00e0ng, \u0111\u00f3 l\u00e0 cam k\u1ebft cho s\u1ef1 ph\u00e1t tri\u1ec3n c\u1ee7a ch\u00fang t\u00f4i<\/p>\n<p><img loading=\"lazy\" decoding=\"async\" src=\"http:\/\/inphusy.vn\/wp-content\/uploads\/2024\/04\/Screenshot-2024-04-09-at-21.48.12-600x400.png\" alt=\"http:\/\/inphusy.vn\/wp-content\/uploads\/2024\/04\/Screenshot-2024-04-09-at-21.48.12-600x400.png\" width=\"600\" height=\"400\" \/><\/p>\n<\/div>\n<div class=\"col-xs-12 col-sm-6\">\n<div class=\"embed-responsive embed-responsive-4by3\"><\/div>\n<\/div>\n<\/div>\n<\/div>\n<\/section>\n<section class=\"fw-main-row ds section_padding_top_0 section_padding_bottom_100\">\n<div class=\"container\">\n<div class=\"row\">\n<div class=\"col-xs-12\">\n<h3 class=\"text-center bold text-uppercase section_header\">DEVELOPMENT STRATEGY OF IN PHU SY<\/h3>\n<p style=\"text-align: center;\">With the motto <strong>TOGETHER DEVELOPMENT<\/strong>,<br \/>\nIn Ph\u00fa S\u1ef9 cam k\u1ebft cung c\u1ea5p h\u00e0ng h\u00f3a \u0111\u00e1p \u1ee9ng t\u1ed1t nh\u1ea5t theo 4 ti\u00eau ch\u00ed:<br \/>\n<strong>T\u01af V\u1ea4N T\u1eacN T\u00c2M &#8211; CH\u1ea4T L\u01af\u1ee2NG V\u01af\u1ee2T TR\u1ed8I &#8211; <\/strong><strong>GI\u00c1 C\u1ea2 PH\u00d9 H\u1ee2P &#8211;<\/strong>\u00a0<strong>TI\u1ebeN \u0110\u1ed8 CH\u00cdNH X\u00c1C<\/strong><\/p>\n<\/div>\n<\/div>\n<\/div>\n<\/section>\n<section class=\"fw-main-row ds section_padding_top_0 section_padding_bottom_0\">\n<div class=\"container\">\n<div class=\"row\">\n<div class=\"col-xs-12\">\n<h3 class=\"text-center bold text-uppercase section_header\">WHY CHOOSE IN PHU SY?<\/h3>\n<div class=\"fw-divider-space hidden-md hidden-sm hidden-xs\" style=\"padding-top: 10px;\"><\/div>\n<\/div>\n<div class=\"col-xs-12 col-sm-6 col-md-4\">\n<p><img loading=\"lazy\" decoding=\"async\" src=\"http:\/\/inphusy.vn\/wp-content\/uploads\/2021\/03\/dich-vu-uy-tin-400x300.jpg\" alt=\"http:\/\/inphusy.vn\/wp-content\/uploads\/2021\/03\/dich-vu-uy-tin-400x300.jpg\" width=\"400\" height=\"300\" \/><\/p>\n<h5 class=\"text-center bold text-uppercase section_header\">PRESTIGIOUS, PROFESSIONAL PRINTING<\/h5>\n<p style=\"text-align: center;\"><span data-sheets-value=\"{&quot;1&quot;:2,&quot;2&quot;:&quot;V\u1edbi b\u1ec1 d\u00e0y kinh nghi\u1ec7m v\u00e0 2000+ kh\u00e1ch h\u00e0ng tin t\u01b0\u1edfng l\u1ef1a ch\u1ecdn, In Ph\u00fa S\u1ef9 t\u1ef1 h\u00e0o l\u00e0 \u0111\u01a1n v\u1ecb in \u1ea5n uy t\u00edn, chuy\u00ean nghi\u1ec7p tr\u00ean ph\u1ea1m vi to\u00e0n qu\u1ed1c&quot;}\" data-sheets-userformat=\"{&quot;2&quot;:961,&quot;3&quot;:{&quot;1&quot;:0},&quot;9&quot;:1,&quot;10&quot;:0,&quot;11&quot;:4,&quot;12&quot;:0}\">With extensive experience and 2000+ trusted customers, Phu Sy Printing is proud to be a reputable and professional printing unit nationwide.<\/span><\/p>\n<\/div>\n<div class=\"col-xs-12 col-sm-6 col-md-4\">\n<p><img loading=\"lazy\" decoding=\"async\" src=\"http:\/\/inphusy.vn\/wp-content\/uploads\/2022\/03\/VHG05473-scaled-400x300.jpg\" alt=\"Nh\u00e2n s\u1ef1 Ph\u00fa S\u1ef9\" width=\"400\" height=\"300\" \/><\/p>\n<h5 class=\"text-center bold text-uppercase section_header\">TALENTED AND RESPONSIBLE STAFF<\/h5>\n<p style=\"text-align: center;\"><span data-sheets-value=\"{&quot;1&quot;:2,&quot;2&quot;:&quot;V\u1edbi b\u1ec1 d\u00e0y kinh nghi\u1ec7m v\u00e0 2000+ kh\u00e1ch h\u00e0ng tin t\u01b0\u1edfng l\u1ef1a ch\u1ecdn, In Ph\u00fa S\u1ef9 t\u1ef1 h\u00e0o l\u00e0 \u0111\u01a1n v\u1ecb in \u1ea5n uy t\u00edn, chuy\u00ean nghi\u1ec7p tr\u00ean ph\u1ea1m vi to\u00e0n qu\u1ed1c&quot;}\" data-sheets-userformat=\"{&quot;2&quot;:961,&quot;3&quot;:{&quot;1&quot;:0},&quot;9&quot;:1,&quot;10&quot;:0,&quot;11&quot;:4,&quot;12&quot;:0}\">In Phu Sy gathers young, talented and experienced staff. We gradually build a strong system based on the spirit of responsibility and solidarity. Towards the common development goal of the whole company.<\/span><\/p>\n<\/div>\n<div class=\"col-xs-12 col-sm-6 col-md-4\">\n<p><img loading=\"lazy\" decoding=\"async\" src=\"http:\/\/inphusy.vn\/wp-content\/uploads\/2022\/03\/VHG05616-scaled-400x300.jpg\" alt=\"V\u1eadn h\u00e0nh m\u00e1y in offset\" width=\"400\" height=\"300\" \/><\/p>\n<h5 class=\"text-center bold text-uppercase section_header\">MODERN TECHNOLOGY AND MACHINERY<\/h5>\n<p style=\"text-align: center;\"><span data-sheets-value=\"{&quot;1&quot;:2,&quot;2&quot;:&quot;V\u1edbi b\u1ec1 d\u00e0y kinh nghi\u1ec7m v\u00e0 2000+ kh\u00e1ch h\u00e0ng tin t\u01b0\u1edfng l\u1ef1a ch\u1ecdn, In Ph\u00fa S\u1ef9 t\u1ef1 h\u00e0o l\u00e0 \u0111\u01a1n v\u1ecb in \u1ea5n uy t\u00edn, chuy\u00ean nghi\u1ec7p tr\u00ean ph\u1ea1m vi to\u00e0n qu\u1ed1c&quot;}\" data-sheets-userformat=\"{&quot;2&quot;:961,&quot;3&quot;:{&quot;1&quot;:0},&quot;9&quot;:1,&quot;10&quot;:0,&quot;11&quot;:4,&quot;12&quot;:0}\">As a leading brand specializing in providing the best service to customers, Phu Sy Printing owns full equipment and modern printing technology from design, CTP, Offset printing machines and Labels of all sizes. <\/span><\/p>\n<\/div>\n<\/div>\n<\/div>\n<\/section>\n<section class=\"fw-main-row ds section_padding_top_0 section_padding_bottom_100\">\n<div class=\"container\">\n<div class=\"row\">\n<div class=\"col-xs-12 col-md-2\"><\/div>\n<div class=\"col-xs-12 col-sm-6 col-md-4\">\n<p><img loading=\"lazy\" decoding=\"async\" src=\"http:\/\/inphusy.vn\/wp-content\/uploads\/2021\/03\/tieu-chuan-iso-400x300.jpg\" alt=\"http:\/\/inphusy.vn\/wp-content\/uploads\/2021\/03\/tieu-chuan-iso-400x300.jpg\" width=\"400\" height=\"300\" \/><\/p>\n<h5 class=\"text-center bold text-uppercase section_header\">ISO STANDARDS STRICT QUALITY MANAGEMENT<\/h5>\n<p style=\"text-align: center;\"><span data-sheets-value=\"{&quot;1&quot;:2,&quot;2&quot;:&quot;V\u1edbi b\u1ec1 d\u00e0y kinh nghi\u1ec7m v\u00e0 2000+ kh\u00e1ch h\u00e0ng tin t\u01b0\u1edfng l\u1ef1a ch\u1ecdn, In Ph\u00fa S\u1ef9 t\u1ef1 h\u00e0o l\u00e0 \u0111\u01a1n v\u1ecb in \u1ea5n uy t\u00edn, chuy\u00ean nghi\u1ec7p tr\u00ean ph\u1ea1m vi to\u00e0n qu\u1ed1c&quot;}\" data-sheets-userformat=\"{&quot;2&quot;:961,&quot;3&quot;:{&quot;1&quot;:0},&quot;9&quot;:1,&quot;10&quot;:0,&quot;11&quot;:4,&quot;12&quot;:0}\">\u00c1p d\u1ee5ng ti\u00eau chu\u1ea9n ISO 9001- 2015 v\u00e0 5S (S\u00e0ng l\u1ecdc &#8211; S\u1eafp x\u1ebfp &#8211; S\u1ea1ch s\u1ebd &#8211; S\u0103n s\u00f3c &#8211; S\u1eb5n s\u00e0ng) v\u00e0o c\u00f4ng t\u00e1c qu\u1ea3n l\u00fd, In Ph\u00fa S\u1ef9 l\u00e0 m\u1ed9t trong nh\u1eefng doanh nghi\u1ec7p ti\u00ean phong trong trong l\u0129nh v\u1ef1c in \u1ea5n \u0111\u1ea1t c\u00e1c ti\u00eau chu\u1ea9n \u0111\u00e1nh gi\u00e1 Ecovadis.<\/span><\/p>\n<\/div>\n<div class=\"col-xs-12 col-sm-6 col-md-4\">\n<p><img loading=\"lazy\" decoding=\"async\" src=\"http:\/\/inphusy.vn\/wp-content\/uploads\/2021\/03\/gia-thanh-uu-dai-400x300.jpg\" alt=\"http:\/\/inphusy.vn\/wp-content\/uploads\/2021\/03\/gia-thanh-uu-dai-400x300.jpg\" width=\"400\" height=\"300\" \/><\/p>\n<h5 class=\"text-center bold text-uppercase section_header\">COMPETITIVE PRICE<\/h5>\n<p style=\"text-align: center;\"><span data-sheets-value=\"{&quot;1&quot;:2,&quot;2&quot;:&quot;V\u1edbi b\u1ec1 d\u00e0y kinh nghi\u1ec7m v\u00e0 2000+ kh\u00e1ch h\u00e0ng tin t\u01b0\u1edfng l\u1ef1a ch\u1ecdn, In Ph\u00fa S\u1ef9 t\u1ef1 h\u00e0o l\u00e0 \u0111\u01a1n v\u1ecb in \u1ea5n uy t\u00edn, chuy\u00ean nghi\u1ec7p tr\u00ean ph\u1ea1m vi to\u00e0n qu\u1ed1c&quot;}\" data-sheets-userformat=\"{&quot;2&quot;:961,&quot;3&quot;:{&quot;1&quot;:0},&quot;9&quot;:1,&quot;10&quot;:0,&quot;11&quot;:4,&quot;12&quot;:0}\">All printing services at Phu Sy Printing have highly competitive prices, suitable for many customer segments. In particular, we regularly organize promotional programs, thanking customers with valuable prizes.<\/span><\/p>\n<\/div>\n<div class=\"col-xs-12 col-md-2\">\n<div class=\"fw-divider-space\" style=\"padding-top: 0px;\"><\/div>\n<\/div>\n<\/div>\n<\/div>\n<\/section>\n<section class=\"fw-main-row ds section_padding_top_0 section_padding_bottom_100\">\n<div class=\"container\">\n<div class=\"row\">\n<div class=\"col-xs-12\">\n<h3 class=\"text-center bold text-uppercase section_header\">TYPICAL CUSTOMERS<\/h3>\n<p style=\"text-align: center;\"><span data-sheets-value=\"{&quot;1&quot;:2,&quot;2&quot;:&quot;In Ph\u00fa S\u1ef9 t\u1ef1 h\u00e0o l\u00e0 \u0111\u1ed1i t\u00e1c chi\u1ebfn l\u01b0\u1ee3c c\u1ee7a r\u1ea5t nhi\u1ec1u th\u01b0\u01a1ng hi\u1ec7u trong v\u00e0 ngo\u00e0i n\u01b0\u1edbc: Panasonic, LG, Wiha, Takagi, Amagasaki Pipe, Heineken, Carlsberg, Cocacola, Microcom, Vinfast, S\u1eefa IDP, FPT, B\u00e1nh k\u1eb9o H\u1ea3i Ch\u00e2u, Vietcombank, Vietinbank, Canifa...&quot;}\" data-sheets-userformat=\"{&quot;2&quot;:961,&quot;3&quot;:{&quot;1&quot;:0},&quot;9&quot;:1,&quot;10&quot;:1,&quot;11&quot;:4,&quot;12&quot;:0}\">In Ph\u00fa S\u1ef9 t\u1ef1 h\u00e0o l\u00e0 \u0111\u1ed1i t\u00e1c chi\u1ebfn l\u01b0\u1ee3c c\u1ee7a r\u1ea5t nhi\u1ec1u th\u01b0\u01a1ng hi\u1ec7u trong v\u00e0 ngo\u00e0i n\u01b0\u1edbc: Panasonic, LG, Wiha, Takagi, Amagasaki Pipe, Heineken, Carlsberg, Cocacola, Microcom, Vinfast, S\u1eefa IDP, FPT, B\u00e1nh k\u1eb9o H\u1ea3i Ch\u00e2u, Vietcombank, Vietinbank, Canifa&#8230;<\/span><\/p>\n<p style=\"text-align: center;\"><span data-sheets-value=\"{&quot;1&quot;:2,&quot;2&quot;:&quot;In Ph\u00fa S\u1ef9 t\u1ef1 h\u00e0o l\u00e0 \u0111\u1ed1i t\u00e1c chi\u1ebfn l\u01b0\u1ee3c c\u1ee7a r\u1ea5t nhi\u1ec1u th\u01b0\u01a1ng hi\u1ec7u trong v\u00e0 ngo\u00e0i n\u01b0\u1edbc: Panasonic, LG, Wiha, Takagi, Amagasaki Pipe, Heineken, Carlsberg, Cocacola, Microcom, Vinfast, S\u1eefa IDP, FPT, B\u00e1nh k\u1eb9o H\u1ea3i Ch\u00e2u, Vietcombank, Vietinbank, Canifa...&quot;}\" data-sheets-userformat=\"{&quot;2&quot;:961,&quot;3&quot;:{&quot;1&quot;:0},&quot;9&quot;:1,&quot;10&quot;:1,&quot;11&quot;:4,&quot;12&quot;:0}\">Contact In Phu Sy today to receive detailed service quotes and attractive promotions!<\/span><\/p>\n<\/div>\n<\/div>\n<\/div>\n<\/section>\n<p><!-- 689ffb84b6ec8b82cac12196a49d4605 --><\/p>","protected":false},"excerpt":{"rendered":"<p>C\u00d4NG TY IN PH\u00da S\u1ef8 &#8211; S\u1ea2N XU\u1ea4T BAO B\u00cc, TEM NH\u00c3N, \u1ea4N PH\u1ea8M H\u00c0NG \u0110\u1ea6U TO\u00c0N QU\u1ed0C S\u1ea3n ph\u1ea9m ch\u00ednh c\u1ee7a In Ph\u00fa S\u1ef9: &#8211; H\u1ed9p qu\u00e0 t\u1eb7ng cao c\u1ea5p &#8211; H\u1ed9p d\u01b0\u1ee3c ph\u1ea9m, th\u1ef1c ph\u1ea9m, m\u1ef9 ph\u1ea9m, ph\u1ee5 ki\u1ec7n \u0111i\u1ec7n t\u1eed &#8211; Tem nh\u00e3n, nh\u00e3n cu\u1ed9n &#8211; \u1ea4n ph\u1ea9m, l\u1ecbch \u0111\u1ed9c quy\u1ec1n. V\u1edbi [&#8230;]","protected":false},"author":1,"featured_media":0,"parent":0,"menu_order":0,"comment_status":"closed","ping_status":"closed","template":"","meta":{"footnotes":""},"class_list":["post-752","page","type-page","status-publish","hentry"],"yoast_head":"<!-- This site is optimized with the Yoast SEO plugin v27.5 - https:\/\/yoast.com\/product\/yoast-seo-wordpress\/ -->\n<title>V\u1ec1 ch\u00fang t\u00f4i - C\u00f4ng ty In Ph\u00fa S\u1ef9<\/title>\n<meta name=\"robots\" content=\"index, follow, max-snippet:-1, max-image-preview:large, max-video-preview:-1\" \/>\n<link rel=\"canonical\" href=\"https:\/\/inphusy.vn\/en\/ve-chung-toi\/\" \/>\n<meta property=\"og:locale\" content=\"en_GB\" \/>\n<meta property=\"og:type\" content=\"article\" \/>\n<meta property=\"og:title\" content=\"V\u1ec1 ch\u00fang t\u00f4i - C\u00f4ng ty In Ph\u00fa S\u1ef9\" \/>\n<meta property=\"og:description\" content=\"C\u00d4NG TY IN PH\u00da S\u1ef8 &#8211; S\u1ea2N XU\u1ea4T BAO B\u00cc, TEM NH\u00c3N, \u1ea4N PH\u1ea8M H\u00c0NG \u0110\u1ea6U TO\u00c0N QU\u1ed0C S\u1ea3n ph\u1ea9m ch\u00ednh c\u1ee7a In Ph\u00fa S\u1ef9: &#8211; H\u1ed9p qu\u00e0 t\u1eb7ng cao c\u1ea5p &#8211; H\u1ed9p d\u01b0\u1ee3c ph\u1ea9m, th\u1ef1c ph\u1ea9m, m\u1ef9 ph\u1ea9m, ph\u1ee5 ki\u1ec7n \u0111i\u1ec7n t\u1eed &#8211; Tem nh\u00e3n, nh\u00e3n cu\u1ed9n &#8211; \u1ea4n ph\u1ea9m, l\u1ecbch \u0111\u1ed9c quy\u1ec1n. V\u1edbi [...]\" \/>\n<meta property=\"og:url\" content=\"https:\/\/inphusy.vn\/en\/ve-chung-toi\/\" \/>\n<meta property=\"og:site_name\" content=\"C\u00f4ng ty In Ph\u00fa S\u1ef9\" \/>\n<meta property=\"article:modified_time\" content=\"2025-10-05T04:09:19+00:00\" \/>\n<meta property=\"og:image\" content=\"http:\/\/inphusy.vn\/wp-content\/uploads\/2024\/04\/Screenshot-2024-04-09-at-21.48.12-600x400.png\" \/>\n<meta name=\"twitter:card\" content=\"summary_large_image\" \/>\n<meta name=\"twitter:label1\" content=\"Est. reading time\" \/>\n\t<meta name=\"twitter:data1\" content=\"4 minutes\" \/>\n<script type=\"application\/ld+json\" class=\"yoast-schema-graph\">{\"@context\":\"https:\\\/\\\/schema.org\",\"@graph\":[{\"@type\":\"WebPage\",\"@id\":\"https:\\\/\\\/inphusy.vn\\\/ve-chung-toi\",\"url\":\"https:\\\/\\\/inphusy.vn\\\/ve-chung-toi\",\"name\":\"V\u1ec1 ch\u00fang t\u00f4i - C\u00f4ng ty In Ph\u00fa S\u1ef9\",\"isPartOf\":{\"@id\":\"https:\\\/\\\/inphusy.vn\\\/#website\"},\"primaryImageOfPage\":{\"@id\":\"https:\\\/\\\/inphusy.vn\\\/ve-chung-toi#primaryimage\"},\"image\":{\"@id\":\"https:\\\/\\\/inphusy.vn\\\/ve-chung-toi#primaryimage\"},\"thumbnailUrl\":\"http:\\\/\\\/inphusy.vn\\\/wp-content\\\/uploads\\\/2024\\\/04\\\/Screenshot-2024-04-09-at-21.48.12-600x400.png\",\"datePublished\":\"2018-06-01T12:35:51+00:00\",\"dateModified\":\"2025-10-05T04:09:19+00:00\",\"breadcrumb\":{\"@id\":\"https:\\\/\\\/inphusy.vn\\\/ve-chung-toi#breadcrumb\"},\"inLanguage\":\"en-GB\",\"potentialAction\":[{\"@type\":\"ReadAction\",\"target\":[\"https:\\\/\\\/inphusy.vn\\\/ve-chung-toi\"]}]},{\"@type\":\"ImageObject\",\"inLanguage\":\"en-GB\",\"@id\":\"https:\\\/\\\/inphusy.vn\\\/ve-chung-toi#primaryimage\",\"url\":\"http:\\\/\\\/inphusy.vn\\\/wp-content\\\/uploads\\\/2024\\\/04\\\/Screenshot-2024-04-09-at-21.48.12-600x400.png\",\"contentUrl\":\"http:\\\/\\\/inphusy.vn\\\/wp-content\\\/uploads\\\/2024\\\/04\\\/Screenshot-2024-04-09-at-21.48.12-600x400.png\"},{\"@type\":\"BreadcrumbList\",\"@id\":\"https:\\\/\\\/inphusy.vn\\\/ve-chung-toi#breadcrumb\",\"itemListElement\":[{\"@type\":\"ListItem\",\"position\":1,\"name\":\"Trang ch\u1ee7\",\"item\":\"https:\\\/\\\/inphusy.vn\\\/\"},{\"@type\":\"ListItem\",\"position\":2,\"name\":\"V\u1ec1 ch\u00fang t\u00f4i\"}]},{\"@type\":\"WebSite\",\"@id\":\"https:\\\/\\\/inphusy.vn\\\/#website\",\"url\":\"https:\\\/\\\/inphusy.vn\\\/\",\"name\":\"C\u00f4ng ty In Ph\u00fa S\u1ef9\",\"description\":\"C\u00f9ng ph\u00e1t tri\u1ec3n - Let&#039;s grow together\",\"potentialAction\":[{\"@type\":\"SearchAction\",\"target\":{\"@type\":\"EntryPoint\",\"urlTemplate\":\"https:\\\/\\\/inphusy.vn\\\/?s={search_term_string}\"},\"query-input\":{\"@type\":\"PropertyValueSpecification\",\"valueRequired\":true,\"valueName\":\"search_term_string\"}}],\"inLanguage\":\"en-GB\"}]}<\/script>\n<!-- \/ Yoast SEO plugin. -->","yoast_head_json":{"title":"V\u1ec1 ch\u00fang t\u00f4i - C\u00f4ng ty In Ph\u00fa S\u1ef9","robots":{"index":"index","follow":"follow","max-snippet":"max-snippet:-1","max-image-preview":"max-image-preview:large","max-video-preview":"max-video-preview:-1"},"canonical":"https:\/\/inphusy.vn\/en\/ve-chung-toi\/","og_locale":"en_GB","og_type":"article","og_title":"V\u1ec1 ch\u00fang t\u00f4i - C\u00f4ng ty In Ph\u00fa S\u1ef9","og_description":"C\u00d4NG TY IN PH\u00da S\u1ef8 &#8211; S\u1ea2N XU\u1ea4T BAO B\u00cc, TEM NH\u00c3N, \u1ea4N PH\u1ea8M H\u00c0NG \u0110\u1ea6U TO\u00c0N QU\u1ed0C S\u1ea3n ph\u1ea9m ch\u00ednh c\u1ee7a In Ph\u00fa S\u1ef9: &#8211; H\u1ed9p qu\u00e0 t\u1eb7ng cao c\u1ea5p &#8211; H\u1ed9p d\u01b0\u1ee3c ph\u1ea9m, th\u1ef1c ph\u1ea9m, m\u1ef9 ph\u1ea9m, ph\u1ee5 ki\u1ec7n \u0111i\u1ec7n t\u1eed &#8211; Tem nh\u00e3n, nh\u00e3n cu\u1ed9n &#8211; \u1ea4n ph\u1ea9m, l\u1ecbch \u0111\u1ed9c quy\u1ec1n. V\u1edbi [...]","og_url":"https:\/\/inphusy.vn\/en\/ve-chung-toi\/","og_site_name":"C\u00f4ng ty In Ph\u00fa S\u1ef9","article_modified_time":"2025-10-05T04:09:19+00:00","og_image":[{"url":"http:\/\/inphusy.vn\/wp-content\/uploads\/2024\/04\/Screenshot-2024-04-09-at-21.48.12-600x400.png","type":"","width":"","height":""}],"twitter_card":"summary_large_image","twitter_misc":{"Est. reading time":"4 minutes"},"schema":{"@context":"https:\/\/schema.org","@graph":[{"@type":"WebPage","@id":"https:\/\/inphusy.vn\/ve-chung-toi","url":"https:\/\/inphusy.vn\/ve-chung-toi","name":"V\u1ec1 ch\u00fang t\u00f4i - C\u00f4ng ty In Ph\u00fa S\u1ef9","isPartOf":{"@id":"https:\/\/inphusy.vn\/#website"},"primaryImageOfPage":{"@id":"https:\/\/inphusy.vn\/ve-chung-toi#primaryimage"},"image":{"@id":"https:\/\/inphusy.vn\/ve-chung-toi#primaryimage"},"thumbnailUrl":"http:\/\/inphusy.vn\/wp-content\/uploads\/2024\/04\/Screenshot-2024-04-09-at-21.48.12-600x400.png","datePublished":"2018-06-01T12:35:51+00:00","dateModified":"2025-10-05T04:09:19+00:00","breadcrumb":{"@id":"https:\/\/inphusy.vn\/ve-chung-toi#breadcrumb"},"inLanguage":"en-GB","potentialAction":[{"@type":"ReadAction","target":["https:\/\/inphusy.vn\/ve-chung-toi"]}]},{"@type":"ImageObject","inLanguage":"en-GB","@id":"https:\/\/inphusy.vn\/ve-chung-toi#primaryimage","url":"http:\/\/inphusy.vn\/wp-content\/uploads\/2024\/04\/Screenshot-2024-04-09-at-21.48.12-600x400.png","contentUrl":"http:\/\/inphusy.vn\/wp-content\/uploads\/2024\/04\/Screenshot-2024-04-09-at-21.48.12-600x400.png"},{"@type":"BreadcrumbList","@id":"https:\/\/inphusy.vn\/ve-chung-toi#breadcrumb","itemListElement":[{"@type":"ListItem","position":1,"name":"Trang ch\u1ee7","item":"https:\/\/inphusy.vn\/"},{"@type":"ListItem","position":2,"name":"V\u1ec1 ch\u00fang t\u00f4i"}]},{"@type":"WebSite","@id":"https:\/\/inphusy.vn\/#website","url":"https:\/\/inphusy.vn\/","name":"C\u00f4ng ty In Ph\u00fa S\u1ef9","description":"C\u00f9ng ph\u00e1t tri\u1ec3n - Let&#039;s grow together","potentialAction":[{"@type":"SearchAction","target":{"@type":"EntryPoint","urlTemplate":"https:\/\/inphusy.vn\/?s={search_term_string}"},"query-input":{"@type":"PropertyValueSpecification","valueRequired":true,"valueName":"search_term_string"}}],"inLanguage":"en-GB"}]}},"_links":{"self":[{"href":"https:\/\/inphusy.vn\/en\/wp-json\/wp\/v2\/pages\/752","targetHints":{"allow":["GET"]}}],"collection":[{"href":"https:\/\/inphusy.vn\/en\/wp-json\/wp\/v2\/pages"}],"about":[{"href":"https:\/\/inphusy.vn\/en\/wp-json\/wp\/v2\/types\/page"}],"author":[{"embeddable":true,"href":"https:\/\/inphusy.vn\/en\/wp-json\/wp\/v2\/users\/1"}],"replies":[{"embeddable":true,"href":"https:\/\/inphusy.vn\/en\/wp-json\/wp\/v2\/comments?post=752"}],"version-history":[{"count":11,"href":"https:\/\/inphusy.vn\/en\/wp-json\/wp\/v2\/pages\/752\/revisions"}],"predecessor-version":[{"id":4673,"href":"https:\/\/inphusy.vn\/en\/wp-json\/wp\/v2\/pages\/752\/revisions\/4673"}],"wp:attachment":[{"href":"https:\/\/inphusy.vn\/en\/wp-json\/wp\/v2\/media?parent=752"}],"curies":[{"name":"wp","href":"https:\/\/api.w.org\/{rel}","templated":true}]}}