{"id":4862,"date":"2026-04-29T08:41:37","date_gmt":"2026-04-29T01:41:37","guid":{"rendered":"https:\/\/inphusy.vn\/?page_id=4862"},"modified":"2026-04-29T09:27:07","modified_gmt":"2026-04-29T02:27:07","slug":"bo-suu-tap-hop-trung-thu-2026","status":"publish","type":"page","link":"https:\/\/inphusy.vn\/en\/bo-suu-tap-hop-trung-thu-2026","title":{"rendered":"B\u1ed9 s\u01b0u t\u1eadp H\u1ed9p Trung thu 2026"},"content":{"rendered":"<p>&nbsp;<\/p>\n<figure id=\"attachment_4873\" aria-describedby=\"caption-attachment-4873\" style=\"width: 857px\" class=\"wp-caption alignnone\"><img loading=\"lazy\" decoding=\"async\" class=\"wp-image-4873\" src=\"http:\/\/inphusy.vn\/wp-content\/uploads\/2026\/04\/2025-04-29-18-22-03-BR8S4-300x200.jpg\" alt=\"\" width=\"857\" height=\"571\" srcset=\"https:\/\/inphusy.vn\/wp-content\/uploads\/2026\/04\/2025-04-29-18-22-03-BR8S4-300x200.jpg 300w, https:\/\/inphusy.vn\/wp-content\/uploads\/2026\/04\/2025-04-29-18-22-03-BR8S4-1030x686.jpg 1030w, https:\/\/inphusy.vn\/wp-content\/uploads\/2026\/04\/2025-04-29-18-22-03-BR8S4-768x512.jpg 768w, https:\/\/inphusy.vn\/wp-content\/uploads\/2026\/04\/2025-04-29-18-22-03-BR8S4-1536x1024.jpg 1536w, https:\/\/inphusy.vn\/wp-content\/uploads\/2026\/04\/2025-04-29-18-22-03-BR8S4-2048x1365.jpg 2048w, https:\/\/inphusy.vn\/wp-content\/uploads\/2026\/04\/2025-04-29-18-22-03-BR8S4-18x12.jpg 18w, https:\/\/inphusy.vn\/wp-content\/uploads\/2026\/04\/2025-04-29-18-22-03-BR8S4-510x340.jpg 510w\" sizes=\"auto, (max-width: 857px) 100vw, 857px\" \/><figcaption id=\"caption-attachment-4873\" class=\"wp-caption-text\">Stacked from 3 images. Method=B (R=8,S=4)<\/figcaption><\/figure>\n<p class=\"uppercase thin-font\"><strong>XU H\u01af\u1edaNG H\u1ed8P TRUNG THU 2026 \u2013 N\u00c2NG T\u1ea6M TUY\u1ec6T T\u00c1C QU\u00c0 T\u1eb6NG DOANH NGHI\u1ec6P<\/strong><\/p>\n<p class=\"cvGsUA direction-ltr align-start para-style-body\">Kh\u00f4ng ch\u1ec9 l\u00e0 chi\u1ebfc h\u1ed9p \u0111\u1ef1ng b\u00e1nh, bao b\u00ec Trung Thu c\u1ee7a Ph\u00fa S\u1ef9 Printing l\u00e0 s\u1ef1 giao thoa gi\u1eefa ngh\u1ec7 thu\u1eadt ch\u1ebf t\u00e1c th\u1ee7 c\u00f4ng v\u00e0 c\u00f4ng ngh\u1ec7 in \u1ea5n \u0111\u1ec9nh cao. Ch\u00fang t\u00f4i kh\u00f4ng ch\u1ec9 b\u00e1n h\u1ed9p; ch\u00fang t\u00f4i ki\u1ebfn t\u1ea1o &#8220;b\u1ed9 nh\u1eadn di\u1ec7n di \u0111\u1ed9ng&#8221; gi\u00fap doanh nghi\u1ec7p ghi \u0111i\u1ec3m tuy\u1ec7t \u0111\u1ed1i trong m\u1eaft \u0111\u1ed1i t\u00e1c ngay t\u1eeb c\u00e1i nh\u00ecn \u0111\u1ea7u ti\u00ean.<br \/>\nV\u1edbi b\u1ed9 s\u01b0u t\u1eadp 2026, Ph\u00fa S\u1ef9 t\u1eadp trung v\u00e0o c\u00e1c d\u00f2ng h\u1ed9p c\u1ee9ng cao c\u1ea5p s\u1eed d\u1ee5ng ch\u1ea5t li\u1ec7u gi\u1ea5y m\u1ef9 thu\u1eadt nh\u1eadp kh\u1ea9u, k\u1ebft h\u1ee3p k\u1ef9 thu\u1eadt \u00e9p kim tinh x\u1ea3o, th\u00fac n\u1ed5i 3D v\u00e0 ph\u1ee7 UV \u0111\u1ecbnh h\u00ecnh, t\u1ea1o n\u00ean chi\u1ec1u s\u00e2u cho t\u1eebng hoa v\u0103n di s\u1ea3n.<br \/>\n\ud83c\udfee Kh\u00e1m ph\u00e1 ngay: B\u1ed9 s\u01b0u t\u1eadp &#8220;\u00c1nh Nguy\u1ec7t H\u1ed9i T\u1ee5 2026&#8221;<br \/>\n\ud83d\udc49 [Link Flipbook\/Website c\u1ee7a b\u1ea1n t\u1ea1i \u0111\u00e2y]\n<strong>\ud83d\udee0 T\u1ea1i sao doanh nghi\u1ec7p n\u00ean ch\u1ecdn gi\u1ea3i ph\u00e1p t\u1eeb x\u01b0\u1edfng in Ph\u00fa S\u1ef9?<\/strong><\/p>\n<ul>\n<li><strong>Thi\u1ebft k\u1ebf \u0110\u1ed9c B\u1ea3n:<\/strong> \u0110\u1ed9i ng\u0169 s\u00e1ng t\u1ea1o h\u1ed7 tr\u1ee3 c\u00e1 nh\u00e2n h\u00f3a logo, th\u00f4ng \u0111i\u1ec7p th\u01b0\u01a1ng hi\u1ec7u tinh t\u1ebf tr\u00ean c\u00e1c c\u1ea5u tr\u00fac h\u1ed9p s\u00e1ng t\u1ea1o (h\u1ed9p c\u00e1nh b\u01b0\u1edbm, h\u1ed9p nam ch\u00e2m, h\u1ed9p l\u1ed3ng \u0111\u00e8n).<\/li>\n<li><strong>Ch\u1ea5t l\u01b0\u1ee3ng C\u00f4ng nghi\u1ec7p:<\/strong> S\u1ea3n xu\u1ea5t tr\u1ef1c ti\u1ebfp t\u1ea1i x\u01b0\u1edfng v\u1edbi quy tr\u00ecnh ki\u1ec3m so\u00e1t kh\u1eaft khe, \u0111\u1ea3m b\u1ea3o \u0111\u1ed9 c\u1ee9ng c\u00e1p, vu\u00f4ng th\u00e0nh s\u1eafc c\u1ea1nh cho m\u1ecdi l\u00f4 h\u00e0ng.<\/li>\n<li><strong>T\u1ed1i \u01b0u Ng\u00e2n s\u00e1ch:<\/strong> L\u00e0m vi\u1ec7c tr\u1ef1c ti\u1ebfp v\u1edbi nh\u00e0 m\u00e1y, kh\u00f4ng qua trung gian, \u0111\u1ea3m b\u1ea3o ti\u1ebfn \u0111\u1ed9 nhanh nh\u1ea5t cho m\u00f9a cao \u0111i\u1ec3m.<\/li>\n<\/ul>\n<p class=\"cvGsUA direction-ltr align-start para-style-body\"><strong>\ud83c\udf81 G\u1ee3i \u00fd ph\u00e2n kh\u00fac s\u1eed d\u1ee5ng:<\/strong><\/p>\n<ul>\n<li><strong>D\u00f2ng Th\u01b0\u1ee3ng \u0110\u1ec9nh:<\/strong> D\u00e0nh ri\u00eang cho \u0111\u1ed1i t\u00e1c VIP, kh\u1ed1i t\u00e0i ch\u00ednh &#8211; ng\u00e2n h\u00e0ng, b\u1ea5t \u0111\u1ed9ng s\u1ea3n cao c\u1ea5p (H\u1ed9p g\u1ed7 b\u1ed3i gi\u1ea5y m\u1ef9 thu\u1eadt, ph\u1ee5 ki\u1ec7n kim lo\u1ea1i).<\/li>\n<li><strong>D\u00f2ng Tri \u00c2n:<\/strong> Ph\u00f9 h\u1ee3p cho c\u00e1n b\u1ed9 nh\u00e2n vi\u00ean, h\u1ec7 th\u1ed1ng \u0111\u1ea1i l\u00fd (Thi\u1ebft k\u1ebf hi\u1ec7n \u0111\u1ea1i, tr\u1ebb trung, t\u1ed1i \u01b0u di\u1ec7n t\u00edch v\u1eadn chuy\u1ec3n).<\/li>\n<\/ul>\n<p>H\u00ecnh \u1ea3nh s\u1ea3n ph\u1ea9m v\u00e0 s\u1ea3n xu\u1ea5t th\u1ef1c t\u1ebf t\u1ea1i nh\u00e0 m\u00e1y In Ph\u00fa S\u1ef9<\/p>\n<p><img loading=\"lazy\" decoding=\"async\" class=\"alignnone wp-image-4865\" src=\"http:\/\/inphusy.vn\/wp-content\/uploads\/2026\/04\/Screenshot-2026-04-29-at-08.46.40-300x271.png\" alt=\"H\u00ecnh \u1ea3nh nh\u00e0 m\u00e1y\" width=\"231\" height=\"208\" \/> <img loading=\"lazy\" decoding=\"async\" class=\"alignnone wp-image-4866\" src=\"http:\/\/inphusy.vn\/wp-content\/uploads\/2026\/04\/Screenshot-2026-04-29-at-08.46.49-300x190.png\" alt=\"\" width=\"328\" height=\"208\" srcset=\"https:\/\/inphusy.vn\/wp-content\/uploads\/2026\/04\/Screenshot-2026-04-29-at-08.46.49-300x190.png 300w, https:\/\/inphusy.vn\/wp-content\/uploads\/2026\/04\/Screenshot-2026-04-29-at-08.46.49-1030x653.png 1030w, https:\/\/inphusy.vn\/wp-content\/uploads\/2026\/04\/Screenshot-2026-04-29-at-08.46.49-768x487.png 768w, https:\/\/inphusy.vn\/wp-content\/uploads\/2026\/04\/Screenshot-2026-04-29-at-08.46.49-1536x974.png 1536w, https:\/\/inphusy.vn\/wp-content\/uploads\/2026\/04\/Screenshot-2026-04-29-at-08.46.49-2048x1298.png 2048w, https:\/\/inphusy.vn\/wp-content\/uploads\/2026\/04\/Screenshot-2026-04-29-at-08.46.49-18x12.png 18w, https:\/\/inphusy.vn\/wp-content\/uploads\/2026\/04\/Screenshot-2026-04-29-at-08.46.49-510x323.png 510w\" sizes=\"auto, (max-width: 328px) 100vw, 328px\" \/> <img loading=\"lazy\" decoding=\"async\" class=\"alignnone wp-image-4868\" src=\"http:\/\/inphusy.vn\/wp-content\/uploads\/2026\/04\/Screenshot-2026-04-29-at-08.47.10-scaled-e1777427470877-300x300.png\" alt=\"\" width=\"208\" height=\"208\" srcset=\"https:\/\/inphusy.vn\/wp-content\/uploads\/2026\/04\/Screenshot-2026-04-29-at-08.47.10-scaled-e1777427470877-300x300.png 300w, https:\/\/inphusy.vn\/wp-content\/uploads\/2026\/04\/Screenshot-2026-04-29-at-08.47.10-scaled-e1777427470877-1030x1030.png 1030w, https:\/\/inphusy.vn\/wp-content\/uploads\/2026\/04\/Screenshot-2026-04-29-at-08.47.10-scaled-e1777427470877-80x80.png 80w, https:\/\/inphusy.vn\/wp-content\/uploads\/2026\/04\/Screenshot-2026-04-29-at-08.47.10-scaled-e1777427470877-768x768.png 768w, https:\/\/inphusy.vn\/wp-content\/uploads\/2026\/04\/Screenshot-2026-04-29-at-08.47.10-scaled-e1777427470877-12x12.png 12w, https:\/\/inphusy.vn\/wp-content\/uploads\/2026\/04\/Screenshot-2026-04-29-at-08.47.10-scaled-e1777427470877-510x510.png 510w, https:\/\/inphusy.vn\/wp-content\/uploads\/2026\/04\/Screenshot-2026-04-29-at-08.47.10-scaled-e1777427470877-100x100.png 100w, https:\/\/inphusy.vn\/wp-content\/uploads\/2026\/04\/Screenshot-2026-04-29-at-08.47.10-scaled-e1777427470877.png 1314w\" sizes=\"auto, (max-width: 208px) 100vw, 208px\" \/> <img loading=\"lazy\" decoding=\"async\" class=\"alignnone wp-image-4869\" src=\"http:\/\/inphusy.vn\/wp-content\/uploads\/2026\/04\/Screenshot-2026-04-29-at-08.47.19-300x258.png\" alt=\"\" width=\"241\" height=\"207\" srcset=\"https:\/\/inphusy.vn\/wp-content\/uploads\/2026\/04\/Screenshot-2026-04-29-at-08.47.19-300x258.png 300w, https:\/\/inphusy.vn\/wp-content\/uploads\/2026\/04\/Screenshot-2026-04-29-at-08.47.19-1030x885.png 1030w, https:\/\/inphusy.vn\/wp-content\/uploads\/2026\/04\/Screenshot-2026-04-29-at-08.47.19-768x660.png 768w, https:\/\/inphusy.vn\/wp-content\/uploads\/2026\/04\/Screenshot-2026-04-29-at-08.47.19-14x12.png 14w, https:\/\/inphusy.vn\/wp-content\/uploads\/2026\/04\/Screenshot-2026-04-29-at-08.47.19-510x438.png 510w, https:\/\/inphusy.vn\/wp-content\/uploads\/2026\/04\/Screenshot-2026-04-29-at-08.47.19.png 1416w\" sizes=\"auto, (max-width: 241px) 100vw, 241px\" \/><\/p>\n<hr \/>\n<p>\ud83d\udc49\ud83c\udffb\u00a0<strong>IN PH\u00da S\u1ef8 \u2013 G\u00d3I TR\u1eccN TINH HOA<\/strong><\/p>\n<p>\ud83d\udccd V\u0103n ph\u00f2ng: 47 Khu\u1ea5t Duy Ti\u1ebfn, Thanh Xu\u00e2n, H\u00e0 N\u1ed9i<\/p>\n<p>\ud83c\udfed Nh\u00e0 m\u00e1y: Km11+400 \u0110\u1ea1i l\u1ed9 Th\u0103ng Long, Song Ph\u01b0\u01a1ng, Ho\u00e0i \u0110\u1ee9c, H\u00e0 N\u1ed9i<\/p>\n<p>\u260e\ufe0f Ms. H\u00e0: 091 354 5233<\/p>\n<p>\ud83d\udce9 sales@inphusy.vn<\/p>\n<p>#BSTHopTrungthu2026 #InPhuSy #TrungThu2026 #HopTrungthuTruyenThong #QuaTangTriAn #hopgiaycaocap<\/p>\n[\/ux_text]","protected":false},"excerpt":{"rendered":"<p>&nbsp; XU H\u01af\u1edaNG H\u1ed8P TRUNG THU 2026 \u2013 N\u00c2NG T\u1ea6M TUY\u1ec6T T\u00c1C QU\u00c0 T\u1eb6NG DOANH NGHI\u1ec6P Kh\u00f4ng ch\u1ec9 l\u00e0 chi\u1ebfc h\u1ed9p \u0111\u1ef1ng b\u00e1nh, bao b\u00ec Trung Thu c\u1ee7a Ph\u00fa S\u1ef9 Printing l\u00e0 s\u1ef1 giao thoa gi\u1eefa ngh\u1ec7 thu\u1eadt ch\u1ebf t\u00e1c th\u1ee7 c\u00f4ng v\u00e0 c\u00f4ng ngh\u1ec7 in \u1ea5n \u0111\u1ec9nh cao. Ch\u00fang t\u00f4i kh\u00f4ng ch\u1ec9 b\u00e1n h\u1ed9p; [&#8230;]","protected":false},"author":2,"featured_media":0,"parent":0,"menu_order":0,"comment_status":"closed","ping_status":"closed","template":"","meta":{"footnotes":""},"class_list":["post-4862","page","type-page","status-publish","hentry"],"yoast_head":"<!-- This site is optimized with the Yoast SEO plugin v27.5 - https:\/\/yoast.com\/product\/yoast-seo-wordpress\/ -->\n<title>B\u1ed9 s\u01b0u t\u1eadp H\u1ed9p Trung thu 2026 - C\u00f4ng ty In Ph\u00fa S\u1ef9<\/title>\n<meta name=\"robots\" content=\"index, follow, max-snippet:-1, max-image-preview:large, max-video-preview:-1\" \/>\n<link rel=\"canonical\" href=\"https:\/\/inphusy.vn\/en\/bo-suu-tap-hop-trung-thu-2026\/\" \/>\n<meta property=\"og:locale\" content=\"en_GB\" \/>\n<meta property=\"og:type\" content=\"article\" \/>\n<meta property=\"og:title\" content=\"B\u1ed9 s\u01b0u t\u1eadp H\u1ed9p Trung thu 2026 - C\u00f4ng ty In Ph\u00fa S\u1ef9\" \/>\n<meta property=\"og:description\" content=\"&nbsp; XU H\u01af\u1edaNG H\u1ed8P TRUNG THU 2026 \u2013 N\u00c2NG T\u1ea6M TUY\u1ec6T T\u00c1C QU\u00c0 T\u1eb6NG DOANH NGHI\u1ec6P Kh\u00f4ng ch\u1ec9 l\u00e0 chi\u1ebfc h\u1ed9p \u0111\u1ef1ng b\u00e1nh, bao b\u00ec Trung Thu c\u1ee7a Ph\u00fa S\u1ef9 Printing l\u00e0 s\u1ef1 giao thoa gi\u1eefa ngh\u1ec7 thu\u1eadt ch\u1ebf t\u00e1c th\u1ee7 c\u00f4ng v\u00e0 c\u00f4ng ngh\u1ec7 in \u1ea5n \u0111\u1ec9nh cao. Ch\u00fang t\u00f4i kh\u00f4ng ch\u1ec9 b\u00e1n h\u1ed9p; [...]\" \/>\n<meta property=\"og:url\" content=\"https:\/\/inphusy.vn\/en\/bo-suu-tap-hop-trung-thu-2026\/\" \/>\n<meta property=\"og:site_name\" content=\"C\u00f4ng ty In Ph\u00fa S\u1ef9\" \/>\n<meta property=\"article:modified_time\" content=\"2026-04-29T02:27:07+00:00\" \/>\n<meta property=\"og:image\" content=\"http:\/\/inphusy.vn\/wp-content\/uploads\/2026\/04\/2025-04-29-18-22-03-BR8S4-300x200.jpg\" \/>\n<meta name=\"twitter:card\" content=\"summary_large_image\" \/>\n<meta name=\"twitter:label1\" content=\"Est. reading time\" \/>\n\t<meta name=\"twitter:data1\" content=\"4 minutes\" \/>\n<script type=\"application\/ld+json\" class=\"yoast-schema-graph\">{\"@context\":\"https:\\\/\\\/schema.org\",\"@graph\":[{\"@type\":\"WebPage\",\"@id\":\"https:\\\/\\\/inphusy.vn\\\/bo-suu-tap-hop-trung-thu-2026\",\"url\":\"https:\\\/\\\/inphusy.vn\\\/bo-suu-tap-hop-trung-thu-2026\",\"name\":\"B\u1ed9 s\u01b0u t\u1eadp H\u1ed9p Trung thu 2026 - C\u00f4ng ty In Ph\u00fa S\u1ef9\",\"isPartOf\":{\"@id\":\"https:\\\/\\\/inphusy.vn\\\/#website\"},\"primaryImageOfPage\":{\"@id\":\"https:\\\/\\\/inphusy.vn\\\/bo-suu-tap-hop-trung-thu-2026#primaryimage\"},\"image\":{\"@id\":\"https:\\\/\\\/inphusy.vn\\\/bo-suu-tap-hop-trung-thu-2026#primaryimage\"},\"thumbnailUrl\":\"http:\\\/\\\/inphusy.vn\\\/wp-content\\\/uploads\\\/2026\\\/04\\\/2025-04-29-18-22-03-BR8S4-300x200.jpg\",\"datePublished\":\"2026-04-29T01:41:37+00:00\",\"dateModified\":\"2026-04-29T02:27:07+00:00\",\"breadcrumb\":{\"@id\":\"https:\\\/\\\/inphusy.vn\\\/bo-suu-tap-hop-trung-thu-2026#breadcrumb\"},\"inLanguage\":\"en-GB\",\"potentialAction\":[{\"@type\":\"ReadAction\",\"target\":[\"https:\\\/\\\/inphusy.vn\\\/bo-suu-tap-hop-trung-thu-2026\"]}]},{\"@type\":\"ImageObject\",\"inLanguage\":\"en-GB\",\"@id\":\"https:\\\/\\\/inphusy.vn\\\/bo-suu-tap-hop-trung-thu-2026#primaryimage\",\"url\":\"http:\\\/\\\/inphusy.vn\\\/wp-content\\\/uploads\\\/2026\\\/04\\\/2025-04-29-18-22-03-BR8S4-300x200.jpg\",\"contentUrl\":\"http:\\\/\\\/inphusy.vn\\\/wp-content\\\/uploads\\\/2026\\\/04\\\/2025-04-29-18-22-03-BR8S4-300x200.jpg\"},{\"@type\":\"BreadcrumbList\",\"@id\":\"https:\\\/\\\/inphusy.vn\\\/bo-suu-tap-hop-trung-thu-2026#breadcrumb\",\"itemListElement\":[{\"@type\":\"ListItem\",\"position\":1,\"name\":\"Trang ch\u1ee7\",\"item\":\"https:\\\/\\\/inphusy.vn\\\/\"},{\"@type\":\"ListItem\",\"position\":2,\"name\":\"B\u1ed9 s\u01b0u t\u1eadp H\u1ed9p Trung thu 2026\"}]},{\"@type\":\"WebSite\",\"@id\":\"https:\\\/\\\/inphusy.vn\\\/#website\",\"url\":\"https:\\\/\\\/inphusy.vn\\\/\",\"name\":\"C\u00f4ng ty In Ph\u00fa S\u1ef9\",\"description\":\"C\u00f9ng ph\u00e1t tri\u1ec3n - Let&#039;s grow together\",\"potentialAction\":[{\"@type\":\"SearchAction\",\"target\":{\"@type\":\"EntryPoint\",\"urlTemplate\":\"https:\\\/\\\/inphusy.vn\\\/?s={search_term_string}\"},\"query-input\":{\"@type\":\"PropertyValueSpecification\",\"valueRequired\":true,\"valueName\":\"search_term_string\"}}],\"inLanguage\":\"en-GB\"}]}<\/script>\n<!-- \/ Yoast SEO plugin. -->","yoast_head_json":{"title":"B\u1ed9 s\u01b0u t\u1eadp H\u1ed9p Trung thu 2026 - C\u00f4ng ty In Ph\u00fa S\u1ef9","robots":{"index":"index","follow":"follow","max-snippet":"max-snippet:-1","max-image-preview":"max-image-preview:large","max-video-preview":"max-video-preview:-1"},"canonical":"https:\/\/inphusy.vn\/en\/bo-suu-tap-hop-trung-thu-2026\/","og_locale":"en_GB","og_type":"article","og_title":"B\u1ed9 s\u01b0u t\u1eadp H\u1ed9p Trung thu 2026 - C\u00f4ng ty In Ph\u00fa S\u1ef9","og_description":"&nbsp; XU H\u01af\u1edaNG H\u1ed8P TRUNG THU 2026 \u2013 N\u00c2NG T\u1ea6M TUY\u1ec6T T\u00c1C QU\u00c0 T\u1eb6NG DOANH NGHI\u1ec6P Kh\u00f4ng ch\u1ec9 l\u00e0 chi\u1ebfc h\u1ed9p \u0111\u1ef1ng b\u00e1nh, bao b\u00ec Trung Thu c\u1ee7a Ph\u00fa S\u1ef9 Printing l\u00e0 s\u1ef1 giao thoa gi\u1eefa ngh\u1ec7 thu\u1eadt ch\u1ebf t\u00e1c th\u1ee7 c\u00f4ng v\u00e0 c\u00f4ng ngh\u1ec7 in \u1ea5n \u0111\u1ec9nh cao. Ch\u00fang t\u00f4i kh\u00f4ng ch\u1ec9 b\u00e1n h\u1ed9p; [...]","og_url":"https:\/\/inphusy.vn\/en\/bo-suu-tap-hop-trung-thu-2026\/","og_site_name":"C\u00f4ng ty In Ph\u00fa S\u1ef9","article_modified_time":"2026-04-29T02:27:07+00:00","og_image":[{"url":"http:\/\/inphusy.vn\/wp-content\/uploads\/2026\/04\/2025-04-29-18-22-03-BR8S4-300x200.jpg","type":"","width":"","height":""}],"twitter_card":"summary_large_image","twitter_misc":{"Est. reading time":"4 minutes"},"schema":{"@context":"https:\/\/schema.org","@graph":[{"@type":"WebPage","@id":"https:\/\/inphusy.vn\/bo-suu-tap-hop-trung-thu-2026","url":"https:\/\/inphusy.vn\/bo-suu-tap-hop-trung-thu-2026","name":"B\u1ed9 s\u01b0u t\u1eadp H\u1ed9p Trung thu 2026 - C\u00f4ng ty In Ph\u00fa S\u1ef9","isPartOf":{"@id":"https:\/\/inphusy.vn\/#website"},"primaryImageOfPage":{"@id":"https:\/\/inphusy.vn\/bo-suu-tap-hop-trung-thu-2026#primaryimage"},"image":{"@id":"https:\/\/inphusy.vn\/bo-suu-tap-hop-trung-thu-2026#primaryimage"},"thumbnailUrl":"http:\/\/inphusy.vn\/wp-content\/uploads\/2026\/04\/2025-04-29-18-22-03-BR8S4-300x200.jpg","datePublished":"2026-04-29T01:41:37+00:00","dateModified":"2026-04-29T02:27:07+00:00","breadcrumb":{"@id":"https:\/\/inphusy.vn\/bo-suu-tap-hop-trung-thu-2026#breadcrumb"},"inLanguage":"en-GB","potentialAction":[{"@type":"ReadAction","target":["https:\/\/inphusy.vn\/bo-suu-tap-hop-trung-thu-2026"]}]},{"@type":"ImageObject","inLanguage":"en-GB","@id":"https:\/\/inphusy.vn\/bo-suu-tap-hop-trung-thu-2026#primaryimage","url":"http:\/\/inphusy.vn\/wp-content\/uploads\/2026\/04\/2025-04-29-18-22-03-BR8S4-300x200.jpg","contentUrl":"http:\/\/inphusy.vn\/wp-content\/uploads\/2026\/04\/2025-04-29-18-22-03-BR8S4-300x200.jpg"},{"@type":"BreadcrumbList","@id":"https:\/\/inphusy.vn\/bo-suu-tap-hop-trung-thu-2026#breadcrumb","itemListElement":[{"@type":"ListItem","position":1,"name":"Trang ch\u1ee7","item":"https:\/\/inphusy.vn\/"},{"@type":"ListItem","position":2,"name":"B\u1ed9 s\u01b0u t\u1eadp H\u1ed9p Trung thu 2026"}]},{"@type":"WebSite","@id":"https:\/\/inphusy.vn\/#website","url":"https:\/\/inphusy.vn\/","name":"C\u00f4ng ty In Ph\u00fa S\u1ef9","description":"C\u00f9ng ph\u00e1t tri\u1ec3n - Let&#039;s grow together","potentialAction":[{"@type":"SearchAction","target":{"@type":"EntryPoint","urlTemplate":"https:\/\/inphusy.vn\/?s={search_term_string}"},"query-input":{"@type":"PropertyValueSpecification","valueRequired":true,"valueName":"search_term_string"}}],"inLanguage":"en-GB"}]}},"_links":{"self":[{"href":"https:\/\/inphusy.vn\/en\/wp-json\/wp\/v2\/pages\/4862","targetHints":{"allow":["GET"]}}],"collection":[{"href":"https:\/\/inphusy.vn\/en\/wp-json\/wp\/v2\/pages"}],"about":[{"href":"https:\/\/inphusy.vn\/en\/wp-json\/wp\/v2\/types\/page"}],"author":[{"embeddable":true,"href":"https:\/\/inphusy.vn\/en\/wp-json\/wp\/v2\/users\/2"}],"replies":[{"embeddable":true,"href":"https:\/\/inphusy.vn\/en\/wp-json\/wp\/v2\/comments?post=4862"}],"version-history":[{"count":5,"href":"https:\/\/inphusy.vn\/en\/wp-json\/wp\/v2\/pages\/4862\/revisions"}],"predecessor-version":[{"id":4875,"href":"https:\/\/inphusy.vn\/en\/wp-json\/wp\/v2\/pages\/4862\/revisions\/4875"}],"wp:attachment":[{"href":"https:\/\/inphusy.vn\/en\/wp-json\/wp\/v2\/media?parent=4862"}],"curies":[{"name":"wp","href":"https:\/\/api.w.org\/{rel}","templated":true}]}}