{"id":2572,"date":"2022-03-10T10:37:19","date_gmt":"2022-03-10T03:37:19","guid":{"rendered":"http:\/\/inphusy.vn\/?page_id=2572"},"modified":"2022-06-19T14:57:12","modified_gmt":"2022-06-19T07:57:12","slug":"nhan-mac","status":"publish","type":"page","link":"https:\/\/inphusy.vn\/en\/nhan-mac","title":{"rendered":"Roll decal label (Label)"},"content":{"rendered":"<section class=\"fw-main-row  ls section_padding_top_50 section_padding_bottom_50\">\n<div class=\"container\">\n<div class=\"row\">\n<div class=\"col-xs-12 col-sm-6\">\n        <img decoding=\"async\" src=\"\/\/inphusy.vn\/wp-content\/uploads\/2022\/03\/VHG05655-scaled.jpg\" alt=\"\/\/inphusy.vn\/wp-content\/uploads\/2022\/03\/VHG05655-scaled.jpg\" \/>    <\/div>\n<div class=\"col-xs-12 col-sm-6\">\n<p><strong>PRODUCTION OF ROLL DECAN LABELS (LABEL)<\/strong><\/p>\n<p>Roll decal labels (Label) can be printed on all decal materials (paper, plastic, transparent, tin, 7 colors) suitable for many types of goods, packaging materials and usage needs. High printing and finishing quality, accurate, recyclable, low cost, easy to store, transport and package.<\/p>\n<p>Nh\u00e3n m\u00e1c decan cu\u1ed9n (Label) \u1ee9ng d\u1ee5ng ch\u1ee7 y\u1ebfu cho ng\u00e0nh h\u00f3a d\u01b0\u1ee3c ph\u1ea9m, th\u1ef1c ph\u1ea9m, m\u1ef9 ph\u1ea9m, \u0111\u1ed3 gia d\u1ee5ng, \u0111\u1ed3 \u0111i\u1ec7n t\u1eed&#8230;<\/p>\n<\/p><\/div>\n<div class=\"col-xs-12\">\n<p>Phu Sy Printing has 2 6-color printers, 2 high-speed die-cutting machines, inspection machines and other auxiliary machines to help improve quality, increase productivity and reduce production costs for roll label products. We are proud to be the unit that supplies roll decal labels (Label) to many factories serving the domestic and export markets in many different industries.<\/p>\n<\/p><\/div>\n<\/p><\/div>\n<\/p><\/div>\n<\/section>\n<section class=\"fw-main-row  ls section_padding_top_50 section_padding_bottom_50\">\n<div class=\"container\">\n<div class=\"row\">\n<div class=\"col-xs-12 text-center\">\n<div class=\"padding_10  ds ms\">\n<p style=\"text-align: center\"><strong>SERVICE ADVANTAGES<\/strong><\/p>\n<\/p><\/div>\n<\/p><\/div>\n<div class=\"col-xs-12 col-sm-6 col-md-3 text-center\">\n        <img decoding=\"async\" src=\"\/\/inphusy.vn\/wp-content\/uploads\/2022\/02\/exclusive.png\" alt=\"\/\/inphusy.vn\/wp-content\/uploads\/2022\/02\/exclusive.png\" width=\"100\" \/><\/p>\n<p style=\"text-align: center\"><strong>20 YEARS EXPERIENCE<\/strong><\/p>\n<p style=\"text-align: center\">20 years of practical manufacturing experience<\/p>\n<\/p><\/div>\n<div class=\"col-xs-12 col-sm-6 col-md-3 text-center\">\n        <img decoding=\"async\" src=\"\/\/inphusy.vn\/wp-content\/uploads\/2022\/02\/printing.png\" alt=\"\/\/inphusy.vn\/wp-content\/uploads\/2022\/02\/printing.png\" width=\"100\" \/><\/p>\n<p style=\"text-align: center\"><strong>FACTORY AREA \n4.000M2 <\/strong><\/p>\n<p style=\"text-align: center\">The floor plan is scientifically arranged, optimized for production.<\/p>\n<\/p><\/div>\n<div class=\"col-xs-12 col-sm-6 col-md-3 text-center\">\n        <img decoding=\"async\" src=\"\/\/inphusy.vn\/wp-content\/uploads\/2022\/02\/engineer.png\" alt=\"\/\/inphusy.vn\/wp-content\/uploads\/2022\/02\/engineer.png\" width=\"100\" \/><\/p>\n<p style=\"text-align: center\"><strong>ADVANCED MANAGEMENT SYSTEM<\/strong><\/p>\n<p style=\"text-align: center\">Phu Sy Printing is using synchronous management software from receiving goods to returning goods.<\/p>\n<\/p><\/div>\n<div class=\"col-xs-12 col-sm-6 col-md-3 text-center\">\n        <img decoding=\"async\" src=\"\/\/inphusy.vn\/wp-content\/uploads\/2022\/02\/customer-service.png\" alt=\"\/\/inphusy.vn\/wp-content\/uploads\/2022\/02\/customer-service.png\" width=\"100\" \/><\/p>\n<p style=\"text-align: center\"><strong>FREE CONSULTATION<\/strong><\/p>\n<p style=\"text-align: center\">Ready to provide samples, advice, and answer all customer questions<\/p>\n<\/p><\/div>\n<\/p><\/div>\n<\/p><\/div>\n<\/section>\n<section class=\"fw-main-row  ls section_padding_top_50 section_padding_bottom_50\">\n<div class=\"container\">\n<div class=\"row\">\n<div class=\"col-xs-12 text-center\">\n<div class=\"padding_10  ds ms\">\n<p style=\"text-align: center\"><strong>ROLL DECAN LABEL PRINTING PROCESS <\/strong><strong>AT PHU SY PRINTING<\/strong><\/p>\n<\/p><\/div>\n<\/p><\/div>\n<div class=\"col-xs-12 col-sm-6 col-md-3 text-center\">\n        <img decoding=\"async\" src=\"\/\/inphusy.vn\/wp-content\/uploads\/2022\/02\/depositphotos_135563524-stock-photo-designer-and-client-meeting-in.webp\" alt=\"\/\/inphusy.vn\/wp-content\/uploads\/2022\/02\/depositphotos_135563524-stock-photo-designer-and-client-meeting-in.webp\" width=\"300\" \/><\/p>\n<p class=\"p1\" style=\"text-align: center\"><strong>ACCEPT INPUT REQUEST<\/strong><\/p>\n<p class=\"p1\" style=\"text-align: center\">One employee will be in charge of the entire order fulfillment process from receipt to completion.<\/p>\n<\/p><\/div>\n<div class=\"col-xs-12 col-sm-6 col-md-3 text-center\">\n        <img decoding=\"async\" src=\"\/\/inphusy.vn\/wp-content\/uploads\/2021\/03\/Tem-nhan-01.jpg\" alt=\"\/\/inphusy.vn\/wp-content\/uploads\/2021\/03\/Tem-nhan-01.jpg\" width=\"300\" \/><\/p>\n<p class=\"p1\" style=\"text-align: center\"><strong>DETERMINING PRINTING SPECIFICATIONS<\/strong><\/p>\n<p class=\"p1\" style=\"text-align: center\">Technicians determine product specifications before production.<\/p>\n<\/p><\/div>\n<div class=\"col-xs-12 col-sm-6 col-md-3 text-center\">\n        <img decoding=\"async\" src=\"\/\/inphusy.vn\/wp-content\/uploads\/2022\/03\/VHG05655-scaled.jpg\" alt=\"\/\/inphusy.vn\/wp-content\/uploads\/2022\/03\/VHG05655-scaled.jpg\" width=\"300\" \/><\/p>\n<p class=\"p1\" style=\"text-align: center\"><strong>PRODUCTION PROCESS<\/strong><\/p>\n<p class=\"p1\" style=\"text-align: center\">Carry out production according to the technical specifications signed with the customer.<\/p>\n<\/p><\/div>\n<div class=\"col-xs-12 col-sm-6 col-md-3 text-center\">\n        <img decoding=\"async\" src=\"\/\/inphusy.vn\/wp-content\/uploads\/2022\/03\/in-an-nhan-mac-1.png\" alt=\"\/\/inphusy.vn\/wp-content\/uploads\/2022\/03\/in-an-nhan-mac-1.png\" width=\"300\" \/><\/p>\n<p class=\"p1\" style=\"text-align: center\"><strong>INSPECTION AND DELIVERY<\/strong><\/p>\n<p class=\"p1\" style=\"text-align: center\">Carefully check specifications, print quality, and post-print processing before delivering goods according to the committed schedule.<\/p>\n<\/p><\/div>\n<\/p><\/div>\n<\/p><\/div>\n<\/section>\n<section class=\"fw-main-row  ls section_padding_top_50 section_padding_bottom_50\">\n<div class=\"container\">\n<div class=\"row\">\n<div class=\"col-xs-12 text-center\">\n<div class=\"padding_10  ds ms\">\n<p><strong>ROLL DECAN LABEL SAMPLE (LABEL)<\/strong><\/p>\n<\/p><\/div>\n<\/p><\/div>\n<div class=\"col-xs-12\">\n<div class=\"isotope_container isotope row masonry-layout\" data-filters=\".isotope_filters-62aed6d821c61\">\n<div class=\"isotope-item item-layout-item-regular col-lg-3 col-md-4 col-sm-6 col-xs-12 nhan-mac\">\n<div class=\"vertical-item gallery-item content-absolute ds\">\n<div class=\"item-media\">\n\t\t\t<img decoding=\"async\" width=\"720\" height=\"510\" src=\"http:\/\/inphusy.vn\/wp-content\/uploads\/2021\/04\/Label-small-03-720x510.jpg\" class=\"attachment-post-thumbnail size-post-thumbnail wp-post-image\" alt=\"\" loading=\"lazy\" \/>            <\/p>\n<div class=\"media-links\">\n<div class=\"links-wrap\">\n                    <a class=\"p-view prettyPhoto\" data-gal=\"prettyPhoto[gal-62aed6d821c61]\" href=\"http:\/\/inphusy.vn\/wp-content\/uploads\/2021\/04\/Label-small-03.jpg\"><\/a>\n                <\/div>\n<\/p><\/div>\n<\/p><\/div>\n<div class=\"item-content\">\n<h4 class=\"entry-title thin margin_0\">\n\t\t\t<a href=\"http:\/\/inphusy.vn\/en\/projects\/c-hangtag-01\/\"><br \/>\n\t\t\t\tNh\u00e3n \u0111\u1ec1 can cu\u1ed9n (Label) 01\t\t\t<\/a><br \/>\n\t\t<\/h4>\n<\/p><\/div>\n<\/div><\/div>\n<div class=\"isotope-item item-layout-item-regular col-lg-3 col-md-4 col-sm-6 col-xs-12 nhan-mac\">\n<div class=\"vertical-item gallery-item content-absolute ds\">\n<div class=\"item-media\">\n\t\t\t<img decoding=\"async\" width=\"765\" height=\"510\" src=\"http:\/\/inphusy.vn\/wp-content\/uploads\/2021\/04\/Tem-nhan-01-765x510.jpg\" class=\"attachment-post-thumbnail size-post-thumbnail wp-post-image\" alt=\"\" loading=\"lazy\" \/>            <\/p>\n<div class=\"media-links\">\n<div class=\"links-wrap\">\n                    <a class=\"p-view prettyPhoto\" data-gal=\"prettyPhoto[gal-62aed6d821c61]\" href=\"http:\/\/inphusy.vn\/wp-content\/uploads\/2021\/04\/Tem-nhan-01.jpg\"><\/a>\n                <\/div>\n<\/p><\/div>\n<\/p><\/div>\n<div class=\"item-content\">\n<h4 class=\"entry-title thin margin_0\">\n\t\t\t<a href=\"http:\/\/inphusy.vn\/en\/projects\/c-hangtag-02\/\"><br \/>\n\t\t\t\tNh\u00e3n \u0111\u1ec1 can cu\u1ed9n (Label) 02\t\t\t<\/a><br \/>\n\t\t<\/h4>\n<\/p><\/div>\n<\/div><\/div>\n<div class=\"isotope-item item-layout-item-regular col-lg-3 col-md-4 col-sm-6 col-xs-12 nhan-mac\">\n<div class=\"vertical-item gallery-item content-absolute ds\">\n<div class=\"item-media\">\n\t\t\t<img decoding=\"async\" width=\"415\" height=\"343\" src=\"http:\/\/inphusy.vn\/wp-content\/uploads\/2021\/04\/Label-small-01-1.jpg\" class=\"attachment-post-thumbnail size-post-thumbnail wp-post-image\" alt=\"\" loading=\"lazy\" \/>            <\/p>\n<div class=\"media-links\">\n<div class=\"links-wrap\">\n                    <a class=\"p-view prettyPhoto\" data-gal=\"prettyPhoto[gal-62aed6d821c61]\" href=\"http:\/\/inphusy.vn\/wp-content\/uploads\/2021\/04\/Label-small-01-1.jpg\"><\/a>\n                <\/div>\n<\/p><\/div>\n<\/p><\/div>\n<div class=\"item-content\">\n<h4 class=\"entry-title thin margin_0\">\n\t\t\t<a href=\"http:\/\/inphusy.vn\/en\/projects\/c-hangtag-03\/\"><br \/>\n\t\t\t\tNh\u00e3n \u0111\u1ec1 can cu\u1ed9n (Label) 03\t\t\t<\/a><br \/>\n\t\t<\/h4>\n<\/p><\/div>\n<\/div><\/div>\n<div class=\"isotope-item item-layout-item-regular col-lg-3 col-md-4 col-sm-6 col-xs-12 nhan-mac\">\n<div class=\"vertical-item gallery-item content-absolute ds\">\n<div class=\"item-media\">\n\t\t\t<img decoding=\"async\" width=\"720\" height=\"510\" src=\"http:\/\/inphusy.vn\/wp-content\/uploads\/2021\/03\/9c210adaeab027ee7ea1-720x510.jpg\" class=\"attachment-post-thumbnail size-post-thumbnail wp-post-image\" alt=\"\" loading=\"lazy\" \/>            <\/p>\n<div class=\"media-links\">\n<div class=\"links-wrap\">\n                    <a class=\"p-view prettyPhoto\" data-gal=\"prettyPhoto[gal-62aed6d821c61]\" href=\"http:\/\/inphusy.vn\/wp-content\/uploads\/2021\/03\/9c210adaeab027ee7ea1.jpg\"><\/a>\n                <\/div>\n<\/p><\/div>\n<\/p><\/div>\n<div class=\"item-content\">\n<h4 class=\"entry-title thin margin_0\">\n\t\t\t<a href=\"http:\/\/inphusy.vn\/en\/projects\/c-hangtag-04\/\"><br \/>\n\t\t\t\tNh\u00e3n \u0111\u1ec1 can cu\u1ed9n (Label) 04\t\t\t<\/a><br \/>\n\t\t<\/h4>\n<\/p><\/div>\n<\/div><\/div>\n<div class=\"isotope-item item-layout-item-regular col-lg-3 col-md-4 col-sm-6 col-xs-12 nhan-mac\">\n<div class=\"vertical-item gallery-item content-absolute ds\">\n<div class=\"item-media\">\n\t\t\t<img decoding=\"async\" width=\"621\" height=\"510\" src=\"http:\/\/inphusy.vn\/wp-content\/uploads\/2021\/03\/e03b7e963047fc19a556-621x510.jpg\" class=\"attachment-post-thumbnail size-post-thumbnail wp-post-image\" alt=\"\" loading=\"lazy\" \/>            <\/p>\n<div class=\"media-links\">\n<div class=\"links-wrap\">\n                    <a class=\"p-view prettyPhoto\" data-gal=\"prettyPhoto[gal-62aed6d821c61]\" href=\"http:\/\/inphusy.vn\/wp-content\/uploads\/2021\/03\/e03b7e963047fc19a556.jpg\"><\/a>\n                <\/div>\n<\/p><\/div>\n<\/p><\/div>\n<div class=\"item-content\">\n<h4 class=\"entry-title thin margin_0\">\n\t\t\t<a href=\"http:\/\/inphusy.vn\/en\/projects\/c-hangtag-05\/\"><br \/>\n\t\t\t\tNh\u00e3n \u0111\u1ec1 can cu\u1ed9n (Label) 05\t\t\t<\/a><br \/>\n\t\t<\/h4>\n<\/p><\/div>\n<\/div><\/div>\n<div class=\"isotope-item item-layout-item-regular col-lg-3 col-md-4 col-sm-6 col-xs-12 nhan-mac\">\n<div class=\"vertical-item gallery-item content-absolute ds\">\n<div class=\"item-media\">\n\t\t\t<img decoding=\"async\" width=\"765\" height=\"510\" src=\"http:\/\/inphusy.vn\/wp-content\/uploads\/2021\/03\/Screen-Shot-2022-03-12-at-17.05.08-765x510.png\" class=\"attachment-post-thumbnail size-post-thumbnail wp-post-image\" alt=\"\" loading=\"lazy\" \/>            <\/p>\n<div class=\"media-links\">\n<div class=\"links-wrap\">\n                    <a class=\"p-view prettyPhoto\" data-gal=\"prettyPhoto[gal-62aed6d821c61]\" href=\"http:\/\/inphusy.vn\/wp-content\/uploads\/2021\/03\/Screen-Shot-2022-03-12-at-17.05.08.png\"><\/a>\n                <\/div>\n<\/p><\/div>\n<\/p><\/div>\n<div class=\"item-content\">\n<h4 class=\"entry-title thin margin_0\">\n\t\t\t<a href=\"http:\/\/inphusy.vn\/en\/projects\/c-hangtag-07\/\"><br \/>\n\t\t\t\tNh\u00e3n \u0111\u1ec1 can cu\u1ed9n (Label) 06\t\t\t<\/a><br \/>\n\t\t<\/h4>\n<\/p><\/div>\n<\/div><\/div>\n<\/p><\/div>\n<p><!-- eof .isotope_container -->    <\/div>\n<\/p><\/div>\n<\/p><\/div>\n<\/section>\n<p><!-- 23466a2ca5d2bb4c7b6d8d11ef3860bf --><\/p>","protected":false},"excerpt":{"rendered":"<p>S\u1ea2N XU\u1ea4T NH\u00c3N M\u00c1C DECAN CU\u1ed8N (LABEL) Nh\u00e3n m\u00e1c decan cu\u1ed9n (Label) in \u0111\u01b0\u1ee3c tr\u00ean t\u1ea5t c\u1ea3 c\u00e1c ch\u1ea5t li\u1ec7u decan (gi\u1ea5y, nh\u1ef1a, trong, thi\u1ebfc, 7 m\u00e0u) ph\u00f9 h\u1ee3p v\u1edbi nhi\u1ec1u lo\u1ea1i h\u00e0ng h\u00f3a, ch\u1ea5t li\u1ec7u bao b\u00ec v\u00e0 nhu c\u1ea7u s\u1eed d\u1ee5ng. Ch\u1ea5t l\u01b0\u1ee3ng in v\u00e0 ho\u00e0n thi\u1ec7n cao, ch\u00ednh x\u00e1c, t\u00e1i ch\u1ebf \u0111\u01b0\u1ee3c, [&#8230;]","protected":false},"author":1,"featured_media":0,"parent":0,"menu_order":0,"comment_status":"closed","ping_status":"closed","template":"","meta":{"footnotes":""},"class_list":["post-2572","page","type-page","status-publish","hentry"],"yoast_head":"<!-- This site is optimized with the Yoast SEO plugin v27.5 - https:\/\/yoast.com\/product\/yoast-seo-wordpress\/ -->\n<title>Nh\u00e3n m\u00e1c decan cu\u1ed9n (Label) - C\u00f4ng ty In Ph\u00fa S\u1ef9<\/title>\n<meta name=\"robots\" content=\"index, follow, max-snippet:-1, max-image-preview:large, max-video-preview:-1\" \/>\n<link rel=\"canonical\" href=\"https:\/\/inphusy.vn\/en\/nhan-mac\" \/>\n<meta property=\"og:locale\" content=\"en_GB\" \/>\n<meta property=\"og:type\" content=\"article\" \/>\n<meta property=\"og:title\" content=\"Nh\u00e3n m\u00e1c decan cu\u1ed9n (Label) - C\u00f4ng ty In Ph\u00fa S\u1ef9\" \/>\n<meta property=\"og:description\" content=\"S\u1ea2N XU\u1ea4T NH\u00c3N M\u00c1C DECAN CU\u1ed8N (LABEL) Nh\u00e3n m\u00e1c decan cu\u1ed9n (Label) in \u0111\u01b0\u1ee3c tr\u00ean t\u1ea5t c\u1ea3 c\u00e1c ch\u1ea5t li\u1ec7u decan (gi\u1ea5y, nh\u1ef1a, trong, thi\u1ebfc, 7 m\u00e0u) ph\u00f9 h\u1ee3p v\u1edbi nhi\u1ec1u lo\u1ea1i h\u00e0ng h\u00f3a, ch\u1ea5t li\u1ec7u bao b\u00ec v\u00e0 nhu c\u1ea7u s\u1eed d\u1ee5ng. Ch\u1ea5t l\u01b0\u1ee3ng in v\u00e0 ho\u00e0n thi\u1ec7n cao, ch\u00ednh x\u00e1c, t\u00e1i ch\u1ebf \u0111\u01b0\u1ee3c, [...]\" \/>\n<meta property=\"og:url\" content=\"https:\/\/inphusy.vn\/en\/nhan-mac\" \/>\n<meta property=\"og:site_name\" content=\"C\u00f4ng ty In Ph\u00fa S\u1ef9\" \/>\n<meta property=\"article:modified_time\" content=\"2022-06-19T07:57:12+00:00\" \/>\n<meta property=\"og:image\" content=\"http:\/\/inphusy.vn\/wp-content\/uploads\/2021\/04\/Label-small-03-720x510.jpg\" \/>\n<meta name=\"twitter:card\" content=\"summary_large_image\" \/>\n<meta name=\"twitter:label1\" content=\"Est. reading time\" \/>\n\t<meta name=\"twitter:data1\" content=\"7 minutes\" \/>\n<script type=\"application\/ld+json\" class=\"yoast-schema-graph\">{\"@context\":\"https:\\\/\\\/schema.org\",\"@graph\":[{\"@type\":\"WebPage\",\"@id\":\"https:\\\/\\\/inphusy.vn\\\/en\\\/nhan-mac\",\"url\":\"https:\\\/\\\/inphusy.vn\\\/en\\\/nhan-mac\",\"name\":\"Nh\u00e3n m\u00e1c decan cu\u1ed9n (Label) - C\u00f4ng ty In Ph\u00fa S\u1ef9\",\"isPartOf\":{\"@id\":\"https:\\\/\\\/inphusy.vn\\\/#website\"},\"primaryImageOfPage\":{\"@id\":\"https:\\\/\\\/inphusy.vn\\\/en\\\/nhan-mac#primaryimage\"},\"image\":{\"@id\":\"https:\\\/\\\/inphusy.vn\\\/en\\\/nhan-mac#primaryimage\"},\"thumbnailUrl\":\"http:\\\/\\\/inphusy.vn\\\/wp-content\\\/uploads\\\/2021\\\/04\\\/Label-small-03-720x510.jpg\",\"datePublished\":\"2022-03-10T03:37:19+00:00\",\"dateModified\":\"2022-06-19T07:57:12+00:00\",\"breadcrumb\":{\"@id\":\"https:\\\/\\\/inphusy.vn\\\/en\\\/nhan-mac#breadcrumb\"},\"inLanguage\":\"en-GB\",\"potentialAction\":[{\"@type\":\"ReadAction\",\"target\":[\"https:\\\/\\\/inphusy.vn\\\/en\\\/nhan-mac\"]}]},{\"@type\":\"ImageObject\",\"inLanguage\":\"en-GB\",\"@id\":\"https:\\\/\\\/inphusy.vn\\\/en\\\/nhan-mac#primaryimage\",\"url\":\"http:\\\/\\\/inphusy.vn\\\/wp-content\\\/uploads\\\/2021\\\/04\\\/Label-small-03-720x510.jpg\",\"contentUrl\":\"http:\\\/\\\/inphusy.vn\\\/wp-content\\\/uploads\\\/2021\\\/04\\\/Label-small-03-720x510.jpg\"},{\"@type\":\"BreadcrumbList\",\"@id\":\"https:\\\/\\\/inphusy.vn\\\/en\\\/nhan-mac#breadcrumb\",\"itemListElement\":[{\"@type\":\"ListItem\",\"position\":1,\"name\":\"Trang ch\u1ee7\",\"item\":\"https:\\\/\\\/inphusy.vn\\\/\"},{\"@type\":\"ListItem\",\"position\":2,\"name\":\"Nh\u00e3n m\u00e1c decan cu\u1ed9n (Label)\"}]},{\"@type\":\"WebSite\",\"@id\":\"https:\\\/\\\/inphusy.vn\\\/#website\",\"url\":\"https:\\\/\\\/inphusy.vn\\\/\",\"name\":\"C\u00f4ng ty In Ph\u00fa S\u1ef9\",\"description\":\"C\u00f9ng ph\u00e1t tri\u1ec3n - Let&#039;s grow together\",\"potentialAction\":[{\"@type\":\"SearchAction\",\"target\":{\"@type\":\"EntryPoint\",\"urlTemplate\":\"https:\\\/\\\/inphusy.vn\\\/?s={search_term_string}\"},\"query-input\":{\"@type\":\"PropertyValueSpecification\",\"valueRequired\":true,\"valueName\":\"search_term_string\"}}],\"inLanguage\":\"en-GB\"}]}<\/script>\n<!-- \/ Yoast SEO plugin. -->","yoast_head_json":{"title":"Nh\u00e3n m\u00e1c decan cu\u1ed9n (Label) - C\u00f4ng ty In Ph\u00fa S\u1ef9","robots":{"index":"index","follow":"follow","max-snippet":"max-snippet:-1","max-image-preview":"max-image-preview:large","max-video-preview":"max-video-preview:-1"},"canonical":"https:\/\/inphusy.vn\/en\/nhan-mac","og_locale":"en_GB","og_type":"article","og_title":"Nh\u00e3n m\u00e1c decan cu\u1ed9n (Label) - C\u00f4ng ty In Ph\u00fa S\u1ef9","og_description":"S\u1ea2N XU\u1ea4T NH\u00c3N M\u00c1C DECAN CU\u1ed8N (LABEL) Nh\u00e3n m\u00e1c decan cu\u1ed9n (Label) in \u0111\u01b0\u1ee3c tr\u00ean t\u1ea5t c\u1ea3 c\u00e1c ch\u1ea5t li\u1ec7u decan (gi\u1ea5y, nh\u1ef1a, trong, thi\u1ebfc, 7 m\u00e0u) ph\u00f9 h\u1ee3p v\u1edbi nhi\u1ec1u lo\u1ea1i h\u00e0ng h\u00f3a, ch\u1ea5t li\u1ec7u bao b\u00ec v\u00e0 nhu c\u1ea7u s\u1eed d\u1ee5ng. Ch\u1ea5t l\u01b0\u1ee3ng in v\u00e0 ho\u00e0n thi\u1ec7n cao, ch\u00ednh x\u00e1c, t\u00e1i ch\u1ebf \u0111\u01b0\u1ee3c, [...]","og_url":"https:\/\/inphusy.vn\/en\/nhan-mac","og_site_name":"C\u00f4ng ty In Ph\u00fa S\u1ef9","article_modified_time":"2022-06-19T07:57:12+00:00","og_image":[{"url":"http:\/\/inphusy.vn\/wp-content\/uploads\/2021\/04\/Label-small-03-720x510.jpg","type":"","width":"","height":""}],"twitter_card":"summary_large_image","twitter_misc":{"Est. reading time":"7 minutes"},"schema":{"@context":"https:\/\/schema.org","@graph":[{"@type":"WebPage","@id":"https:\/\/inphusy.vn\/en\/nhan-mac","url":"https:\/\/inphusy.vn\/en\/nhan-mac","name":"Nh\u00e3n m\u00e1c decan cu\u1ed9n (Label) - C\u00f4ng ty In Ph\u00fa S\u1ef9","isPartOf":{"@id":"https:\/\/inphusy.vn\/#website"},"primaryImageOfPage":{"@id":"https:\/\/inphusy.vn\/en\/nhan-mac#primaryimage"},"image":{"@id":"https:\/\/inphusy.vn\/en\/nhan-mac#primaryimage"},"thumbnailUrl":"http:\/\/inphusy.vn\/wp-content\/uploads\/2021\/04\/Label-small-03-720x510.jpg","datePublished":"2022-03-10T03:37:19+00:00","dateModified":"2022-06-19T07:57:12+00:00","breadcrumb":{"@id":"https:\/\/inphusy.vn\/en\/nhan-mac#breadcrumb"},"inLanguage":"en-GB","potentialAction":[{"@type":"ReadAction","target":["https:\/\/inphusy.vn\/en\/nhan-mac"]}]},{"@type":"ImageObject","inLanguage":"en-GB","@id":"https:\/\/inphusy.vn\/en\/nhan-mac#primaryimage","url":"http:\/\/inphusy.vn\/wp-content\/uploads\/2021\/04\/Label-small-03-720x510.jpg","contentUrl":"http:\/\/inphusy.vn\/wp-content\/uploads\/2021\/04\/Label-small-03-720x510.jpg"},{"@type":"BreadcrumbList","@id":"https:\/\/inphusy.vn\/en\/nhan-mac#breadcrumb","itemListElement":[{"@type":"ListItem","position":1,"name":"Trang ch\u1ee7","item":"https:\/\/inphusy.vn\/"},{"@type":"ListItem","position":2,"name":"Nh\u00e3n m\u00e1c decan cu\u1ed9n (Label)"}]},{"@type":"WebSite","@id":"https:\/\/inphusy.vn\/#website","url":"https:\/\/inphusy.vn\/","name":"C\u00f4ng ty In Ph\u00fa S\u1ef9","description":"C\u00f9ng ph\u00e1t tri\u1ec3n - Let&#039;s grow together","potentialAction":[{"@type":"SearchAction","target":{"@type":"EntryPoint","urlTemplate":"https:\/\/inphusy.vn\/?s={search_term_string}"},"query-input":{"@type":"PropertyValueSpecification","valueRequired":true,"valueName":"search_term_string"}}],"inLanguage":"en-GB"}]}},"_links":{"self":[{"href":"https:\/\/inphusy.vn\/en\/wp-json\/wp\/v2\/pages\/2572","targetHints":{"allow":["GET"]}}],"collection":[{"href":"https:\/\/inphusy.vn\/en\/wp-json\/wp\/v2\/pages"}],"about":[{"href":"https:\/\/inphusy.vn\/en\/wp-json\/wp\/v2\/types\/page"}],"author":[{"embeddable":true,"href":"https:\/\/inphusy.vn\/en\/wp-json\/wp\/v2\/users\/1"}],"replies":[{"embeddable":true,"href":"https:\/\/inphusy.vn\/en\/wp-json\/wp\/v2\/comments?post=2572"}],"version-history":[{"count":7,"href":"https:\/\/inphusy.vn\/en\/wp-json\/wp\/v2\/pages\/2572\/revisions"}],"predecessor-version":[{"id":2712,"href":"https:\/\/inphusy.vn\/en\/wp-json\/wp\/v2\/pages\/2572\/revisions\/2712"}],"wp:attachment":[{"href":"https:\/\/inphusy.vn\/en\/wp-json\/wp\/v2\/media?parent=2572"}],"curies":[{"name":"wp","href":"https:\/\/api.w.org\/{rel}","templated":true}]}}