{"id":2554,"date":"2022-03-08T13:54:19","date_gmt":"2022-03-08T06:54:19","guid":{"rendered":"http:\/\/inphusy.vn\/?page_id=2554"},"modified":"2022-03-16T18:40:52","modified_gmt":"2022-03-16T11:40:52","slug":"an-pham","status":"publish","type":"page","link":"https:\/\/inphusy.vn\/en\/an-pham","title":{"rendered":"Publications"},"content":{"rendered":"<section class=\"fw-main-row  ls section_padding_top_50 section_padding_bottom_50\">\n<div class=\"container\">\n<div class=\"row\">\n<div class=\"col-xs-12 col-sm-6\">\n        <img decoding=\"async\" src=\"\/\/inphusy.vn\/wp-content\/uploads\/2022\/03\/VHG05636-copy-scaled.jpg\" alt=\"\/\/inphusy.vn\/wp-content\/uploads\/2022\/03\/VHG05636-copy-scaled.jpg\" width=\"500\" \/>    <\/div>\n<div class=\"col-xs-12 col-sm-6\">\n<p><strong>PRINTING<\/strong><\/p>\n<p>Publications are a means of expressing the image, products, and messages of a business to the community. Publications help businesses reach customers in a visual, clear, and effective way. Beautiful prints create a good impression on customers and help them trust the business more.<\/p>\n<p>\u1ea4n ph\u1ea9m l\u00e0 c\u00e1c s\u1ea3n ph\u1ea9m \u0111\u01b0\u1ee3c l\u00e0m t\u1eeb ch\u1ea5t li\u1ec7u gi\u1ea5y v\u1edbi c\u00e1c lo\u1ea1i gi\u1ea5y c\u00f3 \u0111\u1eb7c t\u00ednh, k\u00edch c\u1ee1 v\u00e0 s\u1ed1 trang kh\u00e1c nhau \u0111\u1ec3 ph\u00f9 h\u1ee3p v\u1edbi t\u1eebng m\u1ee5c \u0111\u00edch. C\u00e1c lo\u1ea1i \u1ea5n ph\u1ea9m g\u1ed3m c\u00f3 t\u1edd r\u01a1i, t\u1edd g\u1ea5p, catalog, s\u00e1ch, s\u00e1ch h\u01b0\u1edbng d\u1eabn s\u1eed d\u1ee5ng, l\u1ecbch T\u1ebft, t\u00fai gi\u1ea5y&#8230;<\/p>\n<p>The outstanding features of printed advertising compared to other forms are low cost, high coverage, familiarity with reading culture, easy to transport, environmentally friendly, and can be preserved in many different temperature environments.<\/p>\n<p>Combined with offset printing technology and effects in the finishing stage, it will show diverse and eye-catching product content and images.<\/p>\n<p>Publications can be used for almost all industries<\/p>\n<\/p><\/div>\n<div class=\"col-xs-12\">\n<p>Ch\u00fang t\u00f4i t\u1ef1 h\u00e0o l\u00e0 \u0111\u01a1n v\u1ecb cung c\u1ea5p \u1ea5n ph\u1ea9m cho nhi\u1ec1u nh\u00e0 m\u00e1y ph\u1ee5c v\u1ee5 cho th\u1ecb tr\u01b0\u1eddng trong n\u01b0\u1edbc v\u00e0 xu\u1ea5t kh\u1ea9u v\u1edbi nhi\u1ec1u ngh\u00e0nh ngh\u1ec1 kh\u00e1c nhau nh\u01b0 cung c\u1ea5p s\u00e1ch h\u01b0\u1edbng d\u1eabn s\u1eed d\u1ee5ng cho Vinfast, Panasonic, l\u1ecbch T\u1ebft cho c\u00e1c ng\u00e2n h\u00e0ng l\u1edbn, s\u00e1ch cho c\u00e1c t\u1ed5 ch\u1ee9c NGO&#8230;<\/p>\n<\/p><\/div>\n<\/p><\/div>\n<\/p><\/div>\n<\/section>\n<section class=\"fw-main-row  ls section_padding_top_50 section_padding_bottom_50\">\n<div class=\"container\">\n<div class=\"row\">\n<div class=\"col-xs-12 text-center\">\n<div class=\"padding_10  ds ms\">\n<p style=\"text-align: center\"><strong>SERVICE ADVANTAGES<\/strong><\/p>\n<\/p><\/div>\n<\/p><\/div>\n<div class=\"col-xs-12 col-sm-6 col-md-3 text-center\">\n        <img decoding=\"async\" src=\"\/\/inphusy.vn\/wp-content\/uploads\/2022\/02\/exclusive.png\" alt=\"\/\/inphusy.vn\/wp-content\/uploads\/2022\/02\/exclusive.png\" width=\"100\" \/><\/p>\n<p style=\"text-align: center\"><strong>20 YEARS EXPERIENCE<\/strong><\/p>\n<p style=\"text-align: center\">20 years of practical manufacturing experience<\/p>\n<\/p><\/div>\n<div class=\"col-xs-12 col-sm-6 col-md-3 text-center\">\n        <img decoding=\"async\" src=\"\/\/inphusy.vn\/wp-content\/uploads\/2022\/02\/printing.png\" alt=\"\/\/inphusy.vn\/wp-content\/uploads\/2022\/02\/printing.png\" width=\"100\" \/><\/p>\n<p style=\"text-align: center\"><strong>FACTORY AREA \n4.000M2 <\/strong><\/p>\n<p style=\"text-align: center\">The floor plan is scientifically arranged, optimized for production.<\/p>\n<\/p><\/div>\n<div class=\"col-xs-12 col-sm-6 col-md-3 text-center\">\n        <img decoding=\"async\" src=\"\/\/inphusy.vn\/wp-content\/uploads\/2022\/02\/engineer.png\" alt=\"\/\/inphusy.vn\/wp-content\/uploads\/2022\/02\/engineer.png\" width=\"100\" \/><\/p>\n<p style=\"text-align: center\"><strong>ADVANCED MANAGEMENT SYSTEM<\/strong><\/p>\n<p style=\"text-align: center\">Phu Sy Printing is using synchronous management software from receiving goods to returning goods.<\/p>\n<\/p><\/div>\n<div class=\"col-xs-12 col-sm-6 col-md-3 text-center\">\n        <img decoding=\"async\" src=\"\/\/inphusy.vn\/wp-content\/uploads\/2022\/02\/customer-service.png\" alt=\"\/\/inphusy.vn\/wp-content\/uploads\/2022\/02\/customer-service.png\" width=\"100\" \/><\/p>\n<p style=\"text-align: center\"><strong>FREE CONSULTATION<\/strong><\/p>\n<p style=\"text-align: center\">Ready to provide samples, advice, and answer all customer questions<\/p>\n<\/p><\/div>\n<\/p><\/div>\n<\/p><\/div>\n<\/section>\n<section class=\"fw-main-row  ls section_padding_top_50 section_padding_bottom_50\">\n<div class=\"container\">\n<div class=\"row\">\n<div class=\"col-xs-12 text-center\">\n<div class=\"padding_10  ds ms\">\n<p><strong>PRINTING PROCESS AT PHU SY PRINTING<\/strong><\/p>\n<\/p><\/div>\n<\/p><\/div>\n<div class=\"col-xs-12 col-sm-6 col-md-3\">\n        <img decoding=\"async\" src=\"\/\/inphusy.vn\/wp-content\/uploads\/2022\/02\/depositphotos_135563524-stock-photo-designer-and-client-meeting-in.webp\" alt=\"\/\/inphusy.vn\/wp-content\/uploads\/2022\/02\/depositphotos_135563524-stock-photo-designer-and-client-meeting-in.webp\" width=\"300\" \/><\/p>\n<p class=\"p1\" style=\"text-align: center\"><strong>ACCEPT INPUT REQUEST<\/strong><\/p>\n<p style=\"text-align: center\">One employee will be in charge of the entire order fulfillment process from receipt to completion.<\/p>\n<\/p><\/div>\n<div class=\"col-xs-12 col-sm-6 col-md-3\">\n        <img loading=\"lazy\" decoding=\"async\" src=\"http:\/\/inphusy.vn\/wp-content\/uploads\/2021\/03\/in-offset-3-300x200.jpg\" alt=\"san-pham-in-offset\" width=\"300\" height=\"200\" \/><\/p>\n<p class=\"p1\" style=\"text-align: center\"><strong>DETERMINING PRINTING SPECIFICATIONS<\/strong><\/p>\n<p style=\"text-align: center\">Technicians determine product specifications before production.<\/p>\n<\/p><\/div>\n<div class=\"col-xs-12 col-sm-6 col-md-3\">\n        <img loading=\"lazy\" decoding=\"async\" src=\"http:\/\/inphusy.vn\/wp-content\/uploads\/2022\/03\/VHG05625-1-scaled-300x200.jpg\" alt=\"http:\/\/inphusy.vn\/wp-content\/uploads\/2022\/03\/VHG05625-1-scaled-300x200.jpg\" width=\"300\" height=\"200\" \/><\/p>\n<p class=\"p1\" style=\"text-align: center\"><strong>PRODUCTION PROCESS<\/strong><\/p>\n<p style=\"text-align: center\">Carry out production according to the technical specifications signed with the customer.<\/p>\n<\/p><\/div>\n<div class=\"col-xs-12 col-sm-6 col-md-3\">\n        <img loading=\"lazy\" decoding=\"async\" src=\"http:\/\/inphusy.vn\/wp-content\/uploads\/2022\/03\/print-selection-1030x653-1-300x200.jpeg\" alt=\"http:\/\/inphusy.vn\/wp-content\/uploads\/2022\/03\/print-selection-1030x653-1-300x200.jpeg\" width=\"300\" height=\"200\" \/><\/p>\n<p class=\"p1\" style=\"text-align: center\"><strong>INSPECTION AND DELIVERY<\/strong><\/p>\n<p style=\"text-align: center\">Carefully check specifications, print quality, and post-print processing before delivering goods according to the committed schedule.<\/p>\n<\/p><\/div>\n<\/p><\/div>\n<\/p><\/div>\n<\/section>\n<section class=\"fw-main-row  ls section_padding_top_50 section_padding_bottom_50\">\n<div class=\"container\">\n<div class=\"row\">\n<div class=\"col-xs-12 text-center\">\n<div class=\"padding_10  ds ms\">\n<p style=\"text-align: center\"><strong>ADVERTISING PRODUCT SAMPLE<\/strong><\/p>\n<\/p><\/div>\n<\/p><\/div>\n<div class=\"col-xs-12\">\n<div class=\"isotope_container isotope row masonry-layout columns_padding_0\" data-filters=\".isotope_filters-6231ccc455c95\">\n<div class=\"isotope-item item-layout-item-regular col-lg-2 col-md-4 col-sm-6 col-xs-12 an-pham-quang-cao\">\n<div class=\"vertical-item gallery-item content-absolute ds\">\n<div class=\"item-media\">\n\t\t\t<img decoding=\"async\" width=\"765\" height=\"510\" src=\"http:\/\/inphusy.vn\/wp-content\/uploads\/2021\/03\/d4c61836e45742eedfa67040ae888362-765x510.jpg\" class=\"attachment-post-thumbnail size-post-thumbnail wp-post-image\" alt=\"\" loading=\"lazy\" \/>            <\/p>\n<div class=\"media-links\">\n<div class=\"links-wrap\">\n                    <a class=\"p-view prettyPhoto\" data-gal=\"prettyPhoto[gal-6231ccc455c95]\" href=\"http:\/\/inphusy.vn\/wp-content\/uploads\/2021\/03\/d4c61836e45742eedfa67040ae888362.jpg\"><\/a>\n                <\/div>\n<\/p><\/div>\n<\/p><\/div>\n<div class=\"item-content\">\n<h4 class=\"entry-title thin margin_0\">\n\t\t\t<a href=\"http:\/\/inphusy.vn\/en\/projects\/d-catalogue-01\/\"><br \/>\n\t\t\t\tD-Catalogue 01\t\t\t<\/a><br \/>\n\t\t<\/h4>\n<\/p><\/div>\n<\/div><\/div>\n<div class=\"isotope-item item-layout-item-regular col-lg-2 col-md-4 col-sm-6 col-xs-12 an-pham-quang-cao\">\n<div class=\"vertical-item gallery-item content-absolute ds\">\n<div class=\"item-media\">\n\t\t\t<img decoding=\"async\" width=\"1\" height=\"1\" src=\"http:\/\/inphusy.vn\/wp-content\/uploads\/2021\/03\/AP-10.jpg\" class=\"attachment-post-thumbnail size-post-thumbnail wp-post-image\" alt=\"\" loading=\"lazy\" \/>            <\/p>\n<div class=\"media-links\">\n<div class=\"links-wrap\">\n                    <a class=\"p-view prettyPhoto\" data-gal=\"prettyPhoto[gal-6231ccc455c95]\" href=\"http:\/\/inphusy.vn\/wp-content\/uploads\/2021\/03\/AP-10.jpg\"><\/a>\n                <\/div>\n<\/p><\/div>\n<\/p><\/div>\n<div class=\"item-content\">\n<h4 class=\"entry-title thin margin_0\">\n\t\t\t<a href=\"http:\/\/inphusy.vn\/en\/projects\/d-catalogue-02\/\"><br \/>\n\t\t\t\tD-Catalogue 02\t\t\t<\/a><br \/>\n\t\t<\/h4>\n<\/p><\/div>\n<\/div><\/div>\n<div class=\"isotope-item item-layout-item-regular col-lg-2 col-md-4 col-sm-6 col-xs-12 an-pham-quang-cao\">\n<div class=\"vertical-item gallery-item content-absolute ds\">\n<div class=\"item-media\">\n\t\t\t<img decoding=\"async\" width=\"765\" height=\"510\" src=\"http:\/\/inphusy.vn\/wp-content\/uploads\/2021\/03\/780ec59b947731836d22de338a576b0d-765x510.jpg\" class=\"attachment-post-thumbnail size-post-thumbnail wp-post-image\" alt=\"\" loading=\"lazy\" \/>            <\/p>\n<div class=\"media-links\">\n<div class=\"links-wrap\">\n                    <a class=\"p-view prettyPhoto\" data-gal=\"prettyPhoto[gal-6231ccc455c95]\" href=\"http:\/\/inphusy.vn\/wp-content\/uploads\/2021\/03\/780ec59b947731836d22de338a576b0d-scaled.jpg\"><\/a>\n                <\/div>\n<\/p><\/div>\n<\/p><\/div>\n<div class=\"item-content\">\n<h4 class=\"entry-title thin margin_0\">\n\t\t\t<a href=\"http:\/\/inphusy.vn\/en\/projects\/d-catalogue-03\/\"><br \/>\n\t\t\t\tD-Catalogue 03\t\t\t<\/a><br \/>\n\t\t<\/h4>\n<\/p><\/div>\n<\/div><\/div>\n<div class=\"isotope-item item-layout-item-regular col-lg-2 col-md-4 col-sm-6 col-xs-12 an-pham-quang-cao\">\n<div class=\"vertical-item gallery-item content-absolute ds\">\n<div class=\"item-media\">\n\t\t\t<img decoding=\"async\" width=\"765\" height=\"510\" src=\"http:\/\/inphusy.vn\/wp-content\/uploads\/2021\/03\/92832b7ded05877232bb208ed648ca10-765x510.jpg\" class=\"attachment-post-thumbnail size-post-thumbnail wp-post-image\" alt=\"\" loading=\"lazy\" \/>            <\/p>\n<div class=\"media-links\">\n<div class=\"links-wrap\">\n                    <a class=\"p-view prettyPhoto\" data-gal=\"prettyPhoto[gal-6231ccc455c95]\" href=\"http:\/\/inphusy.vn\/wp-content\/uploads\/2021\/03\/92832b7ded05877232bb208ed648ca10-scaled.jpg\"><\/a>\n                <\/div>\n<\/p><\/div>\n<\/p><\/div>\n<div class=\"item-content\">\n<h4 class=\"entry-title thin margin_0\">\n\t\t\t<a href=\"http:\/\/inphusy.vn\/en\/projects\/d-catalogue-04\/\"><br \/>\n\t\t\t\tD-Catalogue 04\t\t\t<\/a><br \/>\n\t\t<\/h4>\n<\/p><\/div>\n<\/div><\/div>\n<div class=\"isotope-item item-layout-item-regular col-lg-2 col-md-4 col-sm-6 col-xs-12 an-pham-quang-cao\">\n<div class=\"vertical-item gallery-item content-absolute ds\">\n<div class=\"item-media\">\n\t\t\t<img decoding=\"async\" width=\"765\" height=\"510\" src=\"http:\/\/inphusy.vn\/wp-content\/uploads\/2021\/03\/a25717a9c480555d86de248df89ee33d-765x510.jpg\" class=\"attachment-post-thumbnail size-post-thumbnail wp-post-image\" alt=\"\" loading=\"lazy\" \/>            <\/p>\n<div class=\"media-links\">\n<div class=\"links-wrap\">\n                    <a class=\"p-view prettyPhoto\" data-gal=\"prettyPhoto[gal-6231ccc455c95]\" href=\"http:\/\/inphusy.vn\/wp-content\/uploads\/2021\/03\/a25717a9c480555d86de248df89ee33d-scaled.jpg\"><\/a>\n                <\/div>\n<\/p><\/div>\n<\/p><\/div>\n<div class=\"item-content\">\n<h4 class=\"entry-title thin margin_0\">\n\t\t\t<a href=\"http:\/\/inphusy.vn\/en\/projects\/d-catalogue-05\/\"><br \/>\n\t\t\t\tD-Catalogue 05\t\t\t<\/a><br \/>\n\t\t<\/h4>\n<\/p><\/div>\n<\/div><\/div>\n<div class=\"isotope-item item-layout-item-regular col-lg-2 col-md-4 col-sm-6 col-xs-12 an-pham-quang-cao\">\n<div class=\"vertical-item gallery-item content-absolute ds\">\n<div class=\"item-media\">\n\t\t\t<img decoding=\"async\" width=\"765\" height=\"510\" src=\"http:\/\/inphusy.vn\/wp-content\/uploads\/2021\/03\/AP-11-765x510.jpg\" class=\"attachment-post-thumbnail size-post-thumbnail wp-post-image\" alt=\"\" loading=\"lazy\" \/>            <\/p>\n<div class=\"media-links\">\n<div class=\"links-wrap\">\n                    <a class=\"p-view prettyPhoto\" data-gal=\"prettyPhoto[gal-6231ccc455c95]\" href=\"http:\/\/inphusy.vn\/wp-content\/uploads\/2021\/03\/AP-11-scaled.jpg\"><\/a>\n                <\/div>\n<\/p><\/div>\n<\/p><\/div>\n<div class=\"item-content\">\n<h4 class=\"entry-title thin margin_0\">\n\t\t\t<a href=\"http:\/\/inphusy.vn\/en\/projects\/d-catalogue-06\/\"><br \/>\n\t\t\t\tD-Catalogue 06\t\t\t<\/a><br \/>\n\t\t<\/h4>\n<\/p><\/div>\n<\/div><\/div>\n<\/p><\/div>\n<p><!-- eof .isotope_container -->    <\/div>\n<\/p><\/div>\n<\/p><\/div>\n<\/section>\n<p><!-- fa539c02d2c375a71336562111d8234e --><\/p>","protected":false},"excerpt":{"rendered":"<p>IN \u1ea4N PH\u1ea8M C\u00e1c lo\u1ea1i \u1ea5n ph\u1ea9m l\u00e0 ph\u01b0\u01a1ng ti\u1ec7n th\u1ec3 hi\u1ec7n h\u00ecnh \u1ea3nh, s\u1ea3n ph\u1ea9m, th\u00f4ng \u0111i\u1ec7p c\u1ee7a doanh nghi\u1ec7p \u0111\u1ebfn c\u1ed9ng \u0111\u1ed3ng. \u1ea4n ph\u1ea9m c\u00f3 t\u00e1c d\u1ee5ng gi\u00fap doanh nghi\u1ec7p ti\u1ebfp c\u1eadn kh\u00e1ch h\u00e0ng m\u1ed9t c\u00e1ch tr\u1ef1c quan, r\u00f5 r\u00e0ng v\u00e0 hi\u1ec7u qu\u1ea3. \u1ea4n \u0111\u1eb9p t\u1ea1o \u1ea5n t\u01b0\u1ee3ng \u0111\u1eb9p cho kh\u00e1ch h\u00e0ng v\u00e0 [&#8230;]","protected":false},"author":1,"featured_media":0,"parent":0,"menu_order":0,"comment_status":"closed","ping_status":"closed","template":"","meta":{"footnotes":""},"class_list":["post-2554","page","type-page","status-publish","hentry"],"yoast_head":"<!-- This site is optimized with the Yoast SEO plugin v27.4 - https:\/\/yoast.com\/product\/yoast-seo-wordpress\/ -->\n<title>\u1ea4n ph\u1ea9m - C\u00f4ng ty In Ph\u00fa S\u1ef9<\/title>\n<meta name=\"robots\" content=\"index, follow, max-snippet:-1, max-image-preview:large, max-video-preview:-1\" \/>\n<link rel=\"canonical\" href=\"https:\/\/inphusy.vn\/en\/an-pham\" \/>\n<meta property=\"og:locale\" content=\"en_GB\" \/>\n<meta property=\"og:type\" content=\"article\" \/>\n<meta property=\"og:title\" content=\"\u1ea4n ph\u1ea9m - C\u00f4ng ty In Ph\u00fa S\u1ef9\" \/>\n<meta property=\"og:description\" content=\"IN \u1ea4N PH\u1ea8M C\u00e1c lo\u1ea1i \u1ea5n ph\u1ea9m l\u00e0 ph\u01b0\u01a1ng ti\u1ec7n th\u1ec3 hi\u1ec7n h\u00ecnh \u1ea3nh, s\u1ea3n ph\u1ea9m, th\u00f4ng \u0111i\u1ec7p c\u1ee7a doanh nghi\u1ec7p \u0111\u1ebfn c\u1ed9ng \u0111\u1ed3ng. \u1ea4n ph\u1ea9m c\u00f3 t\u00e1c d\u1ee5ng gi\u00fap doanh nghi\u1ec7p ti\u1ebfp c\u1eadn kh\u00e1ch h\u00e0ng m\u1ed9t c\u00e1ch tr\u1ef1c quan, r\u00f5 r\u00e0ng v\u00e0 hi\u1ec7u qu\u1ea3. \u1ea4n \u0111\u1eb9p t\u1ea1o \u1ea5n t\u01b0\u1ee3ng \u0111\u1eb9p cho kh\u00e1ch h\u00e0ng v\u00e0 [...]\" \/>\n<meta property=\"og:url\" content=\"https:\/\/inphusy.vn\/en\/an-pham\" \/>\n<meta property=\"og:site_name\" content=\"C\u00f4ng ty In Ph\u00fa S\u1ef9\" \/>\n<meta property=\"article:modified_time\" content=\"2022-03-16T11:40:52+00:00\" \/>\n<meta property=\"og:image\" content=\"http:\/\/inphusy.vn\/wp-content\/uploads\/2021\/03\/in-offset-3-300x200.jpg\" \/>\n<meta name=\"twitter:card\" content=\"summary_large_image\" \/>\n<meta name=\"twitter:label1\" content=\"Est. reading time\" \/>\n\t<meta name=\"twitter:data1\" content=\"6 minutes\" \/>\n<script type=\"application\/ld+json\" class=\"yoast-schema-graph\">{\"@context\":\"https:\\\/\\\/schema.org\",\"@graph\":[{\"@type\":\"WebPage\",\"@id\":\"https:\\\/\\\/inphusy.vn\\\/en\\\/an-pham\",\"url\":\"https:\\\/\\\/inphusy.vn\\\/en\\\/an-pham\",\"name\":\"\u1ea4n ph\u1ea9m - C\u00f4ng ty In Ph\u00fa S\u1ef9\",\"isPartOf\":{\"@id\":\"https:\\\/\\\/inphusy.vn\\\/#website\"},\"primaryImageOfPage\":{\"@id\":\"https:\\\/\\\/inphusy.vn\\\/en\\\/an-pham#primaryimage\"},\"image\":{\"@id\":\"https:\\\/\\\/inphusy.vn\\\/en\\\/an-pham#primaryimage\"},\"thumbnailUrl\":\"http:\\\/\\\/inphusy.vn\\\/wp-content\\\/uploads\\\/2021\\\/03\\\/in-offset-3-300x200.jpg\",\"datePublished\":\"2022-03-08T06:54:19+00:00\",\"dateModified\":\"2022-03-16T11:40:52+00:00\",\"breadcrumb\":{\"@id\":\"https:\\\/\\\/inphusy.vn\\\/en\\\/an-pham#breadcrumb\"},\"inLanguage\":\"en-GB\",\"potentialAction\":[{\"@type\":\"ReadAction\",\"target\":[\"https:\\\/\\\/inphusy.vn\\\/en\\\/an-pham\"]}]},{\"@type\":\"ImageObject\",\"inLanguage\":\"en-GB\",\"@id\":\"https:\\\/\\\/inphusy.vn\\\/en\\\/an-pham#primaryimage\",\"url\":\"http:\\\/\\\/inphusy.vn\\\/wp-content\\\/uploads\\\/2021\\\/03\\\/in-offset-3-300x200.jpg\",\"contentUrl\":\"http:\\\/\\\/inphusy.vn\\\/wp-content\\\/uploads\\\/2021\\\/03\\\/in-offset-3-300x200.jpg\"},{\"@type\":\"BreadcrumbList\",\"@id\":\"https:\\\/\\\/inphusy.vn\\\/en\\\/an-pham#breadcrumb\",\"itemListElement\":[{\"@type\":\"ListItem\",\"position\":1,\"name\":\"Trang ch\u1ee7\",\"item\":\"https:\\\/\\\/inphusy.vn\\\/\"},{\"@type\":\"ListItem\",\"position\":2,\"name\":\"\u1ea4n ph\u1ea9m\"}]},{\"@type\":\"WebSite\",\"@id\":\"https:\\\/\\\/inphusy.vn\\\/#website\",\"url\":\"https:\\\/\\\/inphusy.vn\\\/\",\"name\":\"C\u00f4ng ty In Ph\u00fa S\u1ef9\",\"description\":\"C\u00f9ng ph\u00e1t tri\u1ec3n - Let&#039;s grow together\",\"potentialAction\":[{\"@type\":\"SearchAction\",\"target\":{\"@type\":\"EntryPoint\",\"urlTemplate\":\"https:\\\/\\\/inphusy.vn\\\/?s={search_term_string}\"},\"query-input\":{\"@type\":\"PropertyValueSpecification\",\"valueRequired\":true,\"valueName\":\"search_term_string\"}}],\"inLanguage\":\"en-GB\"}]}<\/script>\n<!-- \/ Yoast SEO plugin. -->","yoast_head_json":{"title":"\u1ea4n ph\u1ea9m - C\u00f4ng ty In Ph\u00fa S\u1ef9","robots":{"index":"index","follow":"follow","max-snippet":"max-snippet:-1","max-image-preview":"max-image-preview:large","max-video-preview":"max-video-preview:-1"},"canonical":"https:\/\/inphusy.vn\/en\/an-pham","og_locale":"en_GB","og_type":"article","og_title":"\u1ea4n ph\u1ea9m - C\u00f4ng ty In Ph\u00fa S\u1ef9","og_description":"IN \u1ea4N PH\u1ea8M C\u00e1c lo\u1ea1i \u1ea5n ph\u1ea9m l\u00e0 ph\u01b0\u01a1ng ti\u1ec7n th\u1ec3 hi\u1ec7n h\u00ecnh \u1ea3nh, s\u1ea3n ph\u1ea9m, th\u00f4ng \u0111i\u1ec7p c\u1ee7a doanh nghi\u1ec7p \u0111\u1ebfn c\u1ed9ng \u0111\u1ed3ng. \u1ea4n ph\u1ea9m c\u00f3 t\u00e1c d\u1ee5ng gi\u00fap doanh nghi\u1ec7p ti\u1ebfp c\u1eadn kh\u00e1ch h\u00e0ng m\u1ed9t c\u00e1ch tr\u1ef1c quan, r\u00f5 r\u00e0ng v\u00e0 hi\u1ec7u qu\u1ea3. \u1ea4n \u0111\u1eb9p t\u1ea1o \u1ea5n t\u01b0\u1ee3ng \u0111\u1eb9p cho kh\u00e1ch h\u00e0ng v\u00e0 [...]","og_url":"https:\/\/inphusy.vn\/en\/an-pham","og_site_name":"C\u00f4ng ty In Ph\u00fa S\u1ef9","article_modified_time":"2022-03-16T11:40:52+00:00","og_image":[{"url":"http:\/\/inphusy.vn\/wp-content\/uploads\/2021\/03\/in-offset-3-300x200.jpg","type":"","width":"","height":""}],"twitter_card":"summary_large_image","twitter_misc":{"Est. reading time":"6 minutes"},"schema":{"@context":"https:\/\/schema.org","@graph":[{"@type":"WebPage","@id":"https:\/\/inphusy.vn\/en\/an-pham","url":"https:\/\/inphusy.vn\/en\/an-pham","name":"\u1ea4n ph\u1ea9m - C\u00f4ng ty In Ph\u00fa S\u1ef9","isPartOf":{"@id":"https:\/\/inphusy.vn\/#website"},"primaryImageOfPage":{"@id":"https:\/\/inphusy.vn\/en\/an-pham#primaryimage"},"image":{"@id":"https:\/\/inphusy.vn\/en\/an-pham#primaryimage"},"thumbnailUrl":"http:\/\/inphusy.vn\/wp-content\/uploads\/2021\/03\/in-offset-3-300x200.jpg","datePublished":"2022-03-08T06:54:19+00:00","dateModified":"2022-03-16T11:40:52+00:00","breadcrumb":{"@id":"https:\/\/inphusy.vn\/en\/an-pham#breadcrumb"},"inLanguage":"en-GB","potentialAction":[{"@type":"ReadAction","target":["https:\/\/inphusy.vn\/en\/an-pham"]}]},{"@type":"ImageObject","inLanguage":"en-GB","@id":"https:\/\/inphusy.vn\/en\/an-pham#primaryimage","url":"http:\/\/inphusy.vn\/wp-content\/uploads\/2021\/03\/in-offset-3-300x200.jpg","contentUrl":"http:\/\/inphusy.vn\/wp-content\/uploads\/2021\/03\/in-offset-3-300x200.jpg"},{"@type":"BreadcrumbList","@id":"https:\/\/inphusy.vn\/en\/an-pham#breadcrumb","itemListElement":[{"@type":"ListItem","position":1,"name":"Trang ch\u1ee7","item":"https:\/\/inphusy.vn\/"},{"@type":"ListItem","position":2,"name":"\u1ea4n ph\u1ea9m"}]},{"@type":"WebSite","@id":"https:\/\/inphusy.vn\/#website","url":"https:\/\/inphusy.vn\/","name":"C\u00f4ng ty In Ph\u00fa S\u1ef9","description":"C\u00f9ng ph\u00e1t tri\u1ec3n - Let&#039;s grow together","potentialAction":[{"@type":"SearchAction","target":{"@type":"EntryPoint","urlTemplate":"https:\/\/inphusy.vn\/?s={search_term_string}"},"query-input":{"@type":"PropertyValueSpecification","valueRequired":true,"valueName":"search_term_string"}}],"inLanguage":"en-GB"}]}},"_links":{"self":[{"href":"https:\/\/inphusy.vn\/en\/wp-json\/wp\/v2\/pages\/2554","targetHints":{"allow":["GET"]}}],"collection":[{"href":"https:\/\/inphusy.vn\/en\/wp-json\/wp\/v2\/pages"}],"about":[{"href":"https:\/\/inphusy.vn\/en\/wp-json\/wp\/v2\/types\/page"}],"author":[{"embeddable":true,"href":"https:\/\/inphusy.vn\/en\/wp-json\/wp\/v2\/users\/1"}],"replies":[{"embeddable":true,"href":"https:\/\/inphusy.vn\/en\/wp-json\/wp\/v2\/comments?post=2554"}],"version-history":[{"count":0,"href":"https:\/\/inphusy.vn\/en\/wp-json\/wp\/v2\/pages\/2554\/revisions"}],"wp:attachment":[{"href":"https:\/\/inphusy.vn\/en\/wp-json\/wp\/v2\/media?parent=2554"}],"curies":[{"name":"wp","href":"https:\/\/api.w.org\/{rel}","templated":true}]}}