{"id":3796,"date":"2025-02-23T03:06:32","date_gmt":"2025-02-22T20:06:32","guid":{"rendered":"https:\/\/inphusy.vn\/?post_type=product&#038;p=3796"},"modified":"2025-02-23T04:05:57","modified_gmt":"2025-02-22T21:05:57","slug":"3796","status":"publish","type":"product","link":"http:\/\/inphusy.vn\/en\/product\/3796","title":{"rendered":"Hard case"},"content":{"rendered":"<p><strong>HIGH-CLASS HARD BOX PRODUCTION<\/strong><\/p>\n<p>Premium rigid boxes are a professional packaging solution used to protect products and enhance the aesthetics of the product. Combined with high-quality materials such as hard cardboard, leather or metal and designed to withstand external environmental factors.<\/p>\n<p>Premium rigid boxes can be customized to match the customer's product and brand to create an impression and enhance product value.<\/p>\n<p>S\u1eed d\u1ee5ng h\u1ed9p c\u1ee9ng cao c\u1ea5p c\u00f2n gi\u00fap t\u0103ng t\u00ednh chuy\u00ean nghi\u1ec7p v\u00e0 \u0111\u1eb3ng c\u1ea5p cho s\u1ea3n ph\u1ea9m, \u0111\u1eb7c bi\u1ec7t trong c\u00e1c ng\u00e0nh nh\u01b0 Th\u1eddi trang \u2013 \u0110\u1ed3 trang s\u1ee9c \u2013 H\u1ed9p qu\u00e0 \u2013 H\u1ed9p b\u00e1nh trung thu v\u00e0 c\u00e1c s\u1ea3n ph\u1ea9m cao c\u1ea5p kh\u00e1c.<\/p>\n<p>With good product protection, diverse customization capabilities and high aesthetics, premium rigid boxes are a superior packaging solution to help products stand out in the market.<\/p>\n<div class=\"row\"  id=\"row-1595887017\">\n\n\t<div id=\"col-1667355042\" class=\"col medium-3 small-6 large-3\"  >\n\t\t\t\t<div class=\"col-inner\"  >\n\t\t\t\n\t\t\t\n\t<div class=\"box has-hover   has-hover box-text-bottom\" >\n\n\t\t<div class=\"box-image\" style=\"width:20%;\">\n\t\t\t\t\t\t<div class=\"\" >\n\t\t\t\t<img loading=\"lazy\" decoding=\"async\" width=\"512\" height=\"512\" src=\"http:\/\/inphusy.vn\/wp-content\/uploads\/2022\/02\/exclusive.png\" class=\"attachment- size-\" alt=\"Kinh nghi\u1ec7m\" srcset=\"http:\/\/inphusy.vn\/wp-content\/uploads\/2022\/02\/exclusive.png 512w, http:\/\/inphusy.vn\/wp-content\/uploads\/2022\/02\/exclusive-100x100.png 100w, http:\/\/inphusy.vn\/wp-content\/uploads\/2022\/02\/exclusive-510x510.png 510w, http:\/\/inphusy.vn\/wp-content\/uploads\/2022\/02\/exclusive-300x300.png 300w, http:\/\/inphusy.vn\/wp-content\/uploads\/2022\/02\/exclusive-150x150.png 150w\" sizes=\"auto, (max-width: 512px) 100vw, 512px\" \/>\t\t\t\t\t\t\t\t\t\t\t<\/div>\n\t\t\t\t\t<\/div>\n\n\t\t<div class=\"box-text text-center\" >\n\t\t\t<div class=\"box-text-inner\">\n\t\t\t\t\n<h4>A title<\/h4>\n<p>Image Box text<\/p>\n\t\t\t<\/div>\n\t\t<\/div>\n\t<\/div>\n\t\n\t\t<\/div>\n\t\t\t\t\t<\/div>\n\n\t\n\n\t<div id=\"col-131172095\" class=\"col medium-3 small-6 large-3\"  >\n\t\t\t\t<div class=\"col-inner\"  >\n\t\t\t\n\t\t\t\n\t\t<\/div>\n\t\t\t\t\t<\/div>\n\n\t\n\n\t<div id=\"col-160424450\" class=\"col medium-3 small-6 large-3\"  >\n\t\t\t\t<div class=\"col-inner\"  >\n\t\t\t\n\t\t\t\n\t\t<\/div>\n\t\t\t\t\t<\/div>\n\n\t\n\n\t<div id=\"col-927717517\" class=\"col medium-3 small-6 large-3\"  >\n\t\t\t\t<div class=\"col-inner\"  >\n\t\t\t\n\t\t\t\n\t\t<\/div>\n\t\t\t\t\t<\/div>\n\n\t\n<\/div>","protected":false},"excerpt":{"rendered":"<p><strong>HIGH-CLASS HARD BOX PRODUCTION<\/strong><\/p>\n<p>Premium rigid boxes are a professional packaging solution used to protect products and enhance the aesthetics of the product. Combined with high-quality materials such as hard cardboard, leather or metal and designed to withstand external environmental factors.<\/p>\n<p>Premium rigid boxes can be customized to match the customer's product and brand to create an impression and enhance product value.<\/p>\n<p>S\u1eed d\u1ee5ng h\u1ed9p c\u1ee9ng cao c\u1ea5p c\u00f2n gi\u00fap t\u0103ng t\u00ednh chuy\u00ean nghi\u1ec7p v\u00e0 \u0111\u1eb3ng c\u1ea5p cho s\u1ea3n ph\u1ea9m, \u0111\u1eb7c bi\u1ec7t trong c\u00e1c ng\u00e0nh nh\u01b0 Th\u1eddi trang \u2013 \u0110\u1ed3 trang s\u1ee9c \u2013 H\u1ed9p qu\u00e0 \u2013 H\u1ed9p b\u00e1nh trung thu v\u00e0 c\u00e1c s\u1ea3n ph\u1ea9m cao c\u1ea5p kh\u00e1c.<\/p>\n<p>With good product protection, diverse customization capabilities and high aesthetics, premium rigid boxes are a superior packaging solution to help products stand out in the market.<\/p>","protected":false},"featured_media":3023,"comment_status":"closed","ping_status":"closed","template":"","meta":[],"product_brand":[],"product_cat":[98],"product_tag":[],"class_list":{"0":"post-3796","1":"product","2":"type-product","3":"status-publish","4":"has-post-thumbnail","6":"product_cat-san-pham","8":"first","9":"instock","10":"shipping-taxable","11":"product-type-simple"},"yoast_head":"<!-- This site is optimized with the Yoast SEO plugin v27.4 - https:\/\/yoast.com\/product\/yoast-seo-wordpress\/ -->\n<title>H\u1ed9p c\u1ee9ng - C\u00f4ng ty In Ph\u00fa S\u1ef9<\/title>\n<meta name=\"robots\" content=\"index, follow, max-snippet:-1, max-image-preview:large, max-video-preview:-1\" \/>\n<link rel=\"canonical\" href=\"http:\/\/inphusy.vn\/en\/product\/3796\" \/>\n<meta property=\"og:locale\" content=\"en_GB\" \/>\n<meta property=\"og:type\" content=\"article\" \/>\n<meta property=\"og:title\" content=\"H\u1ed9p c\u1ee9ng - C\u00f4ng ty In Ph\u00fa S\u1ef9\" \/>\n<meta property=\"og:description\" content=\"S\u1ea2N XU\u1ea4T H\u1ed8P C\u1ee8NG CAO C\u1ea4P  H\u1ed9p c\u1ee9ng cao c\u1ea5p l\u00e0 m\u1ed9t gi\u1ea3i ph\u00e1p \u0111\u00f3ng g\u00f3i chuy\u00ean nghi\u1ec7p \u0111\u01b0\u1ee3c s\u1eed d\u1ee5ng \u0111\u1ec3 b\u1ea3o v\u1ec7 s\u1ea3n ph\u1ea9m v\u00e0 t\u0103ng t\u00ednh th\u1ea9m m\u1ef9 c\u1ee7a s\u1ea3n ph\u1ea9m. \u0110\u01b0\u1ee3c k\u1ebft h\u1ee3p t\u1eeb c\u00e1c v\u1eadt li\u1ec7u ch\u1ea5t l\u01b0\u1ee3ng cao nh\u01b0 gi\u1ea5y carton c\u1ee9ng, da ho\u1eb7c kim lo\u1ea1i v\u00e0 \u0111\u01b0\u1ee3c thi\u1ebft k\u1ebf \u0111\u1ec3 ch\u1ed1ng ch\u1ecbu \u0111\u01b0\u1ee3c c\u00e1c y\u1ebfu t\u1ed1 t\u00e1c \u0111\u1ed9ng t\u1eeb m\u00f4i tr\u01b0\u1eddng b\u00ean ngo\u00e0i.  H\u1ed9p c\u1ee9ng cao c\u1ea5p c\u00f3 th\u1ec3 t\u00f9y ch\u1ec9nh \u0111\u1ec3 ph\u00f9 h\u1ee3p v\u1edbi s\u1ea3n ph\u1ea9m v\u00e0 th\u01b0\u01a1ng hi\u1ec7u c\u1ee7a kh\u00e1ch h\u00e0ng gi\u00fap t\u1ea1o d\u1ea5u \u1ea5n v\u00e0 n\u00e2ng cao gi\u00e1 tr\u1ecb s\u1ea3n ph\u1ea9m.  S\u1eed d\u1ee5ng h\u1ed9p c\u1ee9ng cao c\u1ea5p c\u00f2n gi\u00fap t\u0103ng t\u00ednh chuy\u00ean nghi\u1ec7p v\u00e0 \u0111\u1eb3ng c\u1ea5p cho s\u1ea3n ph\u1ea9m, \u0111\u1eb7c bi\u1ec7t trong c\u00e1c ng\u00e0nh nh\u01b0 Th\u1eddi trang \u2013 \u0110\u1ed3 trang s\u1ee9c \u2013 H\u1ed9p qu\u00e0 \u2013 H\u1ed9p b\u00e1nh trung thu v\u00e0 c\u00e1c s\u1ea3n ph\u1ea9m cao c\u1ea5p kh\u00e1c.  V\u1edbi t\u00ednh n\u0103ng b\u1ea3o v\u1ec7 s\u1ea3n ph\u1ea9m t\u1ed1t, kh\u1ea3 n\u0103ng t\u00f9y ch\u1ec9nh \u0111a d\u1ea1ng v\u00e0 t\u00ednh th\u1ea9m m\u1ef9 cao, h\u1ed9p c\u1ee9ng cao c\u1ea5p l\u00e0 m\u1ed9t gi\u1ea3i ph\u00e1p \u0111\u00f3ng g\u00f3i \u01b0u vi\u1ec7t \u0111\u1ec3 gi\u00fap s\u1ea3n ph\u1ea9m n\u1ed5i b\u1eadt tr\u00ean th\u1ecb tr\u01b0\u1eddng.\" \/>\n<meta property=\"og:url\" content=\"http:\/\/inphusy.vn\/en\/product\/3796\" \/>\n<meta property=\"og:site_name\" content=\"C\u00f4ng ty In Ph\u00fa S\u1ef9\" \/>\n<meta property=\"article:modified_time\" content=\"2025-02-22T21:05:57+00:00\" \/>\n<meta property=\"og:image\" content=\"http:\/\/inphusy.vn\/wp-content\/uploads\/2023\/04\/415963300_908468924615899_7093798241458652857_n.jpg\" \/>\n\t<meta property=\"og:image:width\" content=\"2048\" \/>\n\t<meta property=\"og:image:height\" content=\"1384\" \/>\n\t<meta property=\"og:image:type\" content=\"image\/jpeg\" \/>\n<meta name=\"twitter:card\" content=\"summary_large_image\" \/>\n<meta name=\"twitter:label1\" content=\"Est. reading time\" \/>\n\t<meta name=\"twitter:data1\" content=\"2 minutes\" \/>\n<script type=\"application\/ld+json\" class=\"yoast-schema-graph\">{\"@context\":\"https:\\\/\\\/schema.org\",\"@graph\":[{\"@type\":\"WebPage\",\"@id\":\"http:\\\/\\\/inphusy.vn\\\/en\\\/product\\\/3796\",\"url\":\"http:\\\/\\\/inphusy.vn\\\/en\\\/product\\\/3796\",\"name\":\"H\u1ed9p c\u1ee9ng - C\u00f4ng ty In Ph\u00fa S\u1ef9\",\"isPartOf\":{\"@id\":\"http:\\\/\\\/inphusy.vn\\\/en\\\/#website\"},\"primaryImageOfPage\":{\"@id\":\"http:\\\/\\\/inphusy.vn\\\/en\\\/product\\\/3796#primaryimage\"},\"image\":{\"@id\":\"http:\\\/\\\/inphusy.vn\\\/en\\\/product\\\/3796#primaryimage\"},\"thumbnailUrl\":\"http:\\\/\\\/inphusy.vn\\\/wp-content\\\/uploads\\\/2023\\\/04\\\/415963300_908468924615899_7093798241458652857_n.jpg\",\"datePublished\":\"2025-02-22T20:06:32+00:00\",\"dateModified\":\"2025-02-22T21:05:57+00:00\",\"breadcrumb\":{\"@id\":\"http:\\\/\\\/inphusy.vn\\\/en\\\/product\\\/3796#breadcrumb\"},\"inLanguage\":\"en-GB\",\"potentialAction\":[{\"@type\":\"ReadAction\",\"target\":[\"http:\\\/\\\/inphusy.vn\\\/en\\\/product\\\/3796\"]}]},{\"@type\":\"ImageObject\",\"inLanguage\":\"en-GB\",\"@id\":\"http:\\\/\\\/inphusy.vn\\\/en\\\/product\\\/3796#primaryimage\",\"url\":\"http:\\\/\\\/inphusy.vn\\\/wp-content\\\/uploads\\\/2023\\\/04\\\/415963300_908468924615899_7093798241458652857_n.jpg\",\"contentUrl\":\"http:\\\/\\\/inphusy.vn\\\/wp-content\\\/uploads\\\/2023\\\/04\\\/415963300_908468924615899_7093798241458652857_n.jpg\",\"width\":2048,\"height\":1384,\"caption\":\"h\u1ed9p c\u1ee9ng c\u1ee7a s\u1ea3n ph\u1ea9m\"},{\"@type\":\"BreadcrumbList\",\"@id\":\"http:\\\/\\\/inphusy.vn\\\/en\\\/product\\\/3796#breadcrumb\",\"itemListElement\":[{\"@type\":\"ListItem\",\"position\":1,\"name\":\"Trang ch\u1ee7\",\"item\":\"http:\\\/\\\/inphusy.vn\\\/en\\\/\"},{\"@type\":\"ListItem\",\"position\":2,\"name\":\"Products\",\"item\":\"http:\\\/\\\/inphusy.vn\\\/en\\\/shop\"},{\"@type\":\"ListItem\",\"position\":3,\"name\":\"H\u1ed9p c\u1ee9ng\"}]},{\"@type\":\"WebSite\",\"@id\":\"http:\\\/\\\/inphusy.vn\\\/en\\\/#website\",\"url\":\"http:\\\/\\\/inphusy.vn\\\/en\\\/\",\"name\":\"C\u00f4ng ty In Ph\u00fa S\u1ef9\",\"description\":\"C\u00f9ng ph\u00e1t tri\u1ec3n - Let&#039;s grow together\",\"potentialAction\":[{\"@type\":\"SearchAction\",\"target\":{\"@type\":\"EntryPoint\",\"urlTemplate\":\"http:\\\/\\\/inphusy.vn\\\/en\\\/?s={search_term_string}\"},\"query-input\":{\"@type\":\"PropertyValueSpecification\",\"valueRequired\":true,\"valueName\":\"search_term_string\"}}],\"inLanguage\":\"en-GB\"}]}<\/script>\n<!-- \/ Yoast SEO plugin. -->","yoast_head_json":{"title":"H\u1ed9p c\u1ee9ng - C\u00f4ng ty In Ph\u00fa S\u1ef9","robots":{"index":"index","follow":"follow","max-snippet":"max-snippet:-1","max-image-preview":"max-image-preview:large","max-video-preview":"max-video-preview:-1"},"canonical":"http:\/\/inphusy.vn\/en\/product\/3796","og_locale":"en_GB","og_type":"article","og_title":"H\u1ed9p c\u1ee9ng - C\u00f4ng ty In Ph\u00fa S\u1ef9","og_description":"S\u1ea2N XU\u1ea4T H\u1ed8P C\u1ee8NG CAO C\u1ea4P  H\u1ed9p c\u1ee9ng cao c\u1ea5p l\u00e0 m\u1ed9t gi\u1ea3i ph\u00e1p \u0111\u00f3ng g\u00f3i chuy\u00ean nghi\u1ec7p \u0111\u01b0\u1ee3c s\u1eed d\u1ee5ng \u0111\u1ec3 b\u1ea3o v\u1ec7 s\u1ea3n ph\u1ea9m v\u00e0 t\u0103ng t\u00ednh th\u1ea9m m\u1ef9 c\u1ee7a s\u1ea3n ph\u1ea9m. \u0110\u01b0\u1ee3c k\u1ebft h\u1ee3p t\u1eeb c\u00e1c v\u1eadt li\u1ec7u ch\u1ea5t l\u01b0\u1ee3ng cao nh\u01b0 gi\u1ea5y carton c\u1ee9ng, da ho\u1eb7c kim lo\u1ea1i v\u00e0 \u0111\u01b0\u1ee3c thi\u1ebft k\u1ebf \u0111\u1ec3 ch\u1ed1ng ch\u1ecbu \u0111\u01b0\u1ee3c c\u00e1c y\u1ebfu t\u1ed1 t\u00e1c \u0111\u1ed9ng t\u1eeb m\u00f4i tr\u01b0\u1eddng b\u00ean ngo\u00e0i.  H\u1ed9p c\u1ee9ng cao c\u1ea5p c\u00f3 th\u1ec3 t\u00f9y ch\u1ec9nh \u0111\u1ec3 ph\u00f9 h\u1ee3p v\u1edbi s\u1ea3n ph\u1ea9m v\u00e0 th\u01b0\u01a1ng hi\u1ec7u c\u1ee7a kh\u00e1ch h\u00e0ng gi\u00fap t\u1ea1o d\u1ea5u \u1ea5n v\u00e0 n\u00e2ng cao gi\u00e1 tr\u1ecb s\u1ea3n ph\u1ea9m.  S\u1eed d\u1ee5ng h\u1ed9p c\u1ee9ng cao c\u1ea5p c\u00f2n gi\u00fap t\u0103ng t\u00ednh chuy\u00ean nghi\u1ec7p v\u00e0 \u0111\u1eb3ng c\u1ea5p cho s\u1ea3n ph\u1ea9m, \u0111\u1eb7c bi\u1ec7t trong c\u00e1c ng\u00e0nh nh\u01b0 Th\u1eddi trang \u2013 \u0110\u1ed3 trang s\u1ee9c \u2013 H\u1ed9p qu\u00e0 \u2013 H\u1ed9p b\u00e1nh trung thu v\u00e0 c\u00e1c s\u1ea3n ph\u1ea9m cao c\u1ea5p kh\u00e1c.  V\u1edbi t\u00ednh n\u0103ng b\u1ea3o v\u1ec7 s\u1ea3n ph\u1ea9m t\u1ed1t, kh\u1ea3 n\u0103ng t\u00f9y ch\u1ec9nh \u0111a d\u1ea1ng v\u00e0 t\u00ednh th\u1ea9m m\u1ef9 cao, h\u1ed9p c\u1ee9ng cao c\u1ea5p l\u00e0 m\u1ed9t gi\u1ea3i ph\u00e1p \u0111\u00f3ng g\u00f3i \u01b0u vi\u1ec7t \u0111\u1ec3 gi\u00fap s\u1ea3n ph\u1ea9m n\u1ed5i b\u1eadt tr\u00ean th\u1ecb tr\u01b0\u1eddng.","og_url":"http:\/\/inphusy.vn\/en\/product\/3796","og_site_name":"C\u00f4ng ty In Ph\u00fa S\u1ef9","article_modified_time":"2025-02-22T21:05:57+00:00","og_image":[{"width":2048,"height":1384,"url":"http:\/\/inphusy.vn\/wp-content\/uploads\/2023\/04\/415963300_908468924615899_7093798241458652857_n.jpg","type":"image\/jpeg"}],"twitter_card":"summary_large_image","twitter_misc":{"Est. reading time":"2 minutes"},"schema":{"@context":"https:\/\/schema.org","@graph":[{"@type":"WebPage","@id":"http:\/\/inphusy.vn\/en\/product\/3796","url":"http:\/\/inphusy.vn\/en\/product\/3796","name":"H\u1ed9p c\u1ee9ng - C\u00f4ng ty In Ph\u00fa S\u1ef9","isPartOf":{"@id":"http:\/\/inphusy.vn\/en\/#website"},"primaryImageOfPage":{"@id":"http:\/\/inphusy.vn\/en\/product\/3796#primaryimage"},"image":{"@id":"http:\/\/inphusy.vn\/en\/product\/3796#primaryimage"},"thumbnailUrl":"http:\/\/inphusy.vn\/wp-content\/uploads\/2023\/04\/415963300_908468924615899_7093798241458652857_n.jpg","datePublished":"2025-02-22T20:06:32+00:00","dateModified":"2025-02-22T21:05:57+00:00","breadcrumb":{"@id":"http:\/\/inphusy.vn\/en\/product\/3796#breadcrumb"},"inLanguage":"en-GB","potentialAction":[{"@type":"ReadAction","target":["http:\/\/inphusy.vn\/en\/product\/3796"]}]},{"@type":"ImageObject","inLanguage":"en-GB","@id":"http:\/\/inphusy.vn\/en\/product\/3796#primaryimage","url":"http:\/\/inphusy.vn\/wp-content\/uploads\/2023\/04\/415963300_908468924615899_7093798241458652857_n.jpg","contentUrl":"http:\/\/inphusy.vn\/wp-content\/uploads\/2023\/04\/415963300_908468924615899_7093798241458652857_n.jpg","width":2048,"height":1384,"caption":"h\u1ed9p c\u1ee9ng c\u1ee7a s\u1ea3n ph\u1ea9m"},{"@type":"BreadcrumbList","@id":"http:\/\/inphusy.vn\/en\/product\/3796#breadcrumb","itemListElement":[{"@type":"ListItem","position":1,"name":"Trang ch\u1ee7","item":"http:\/\/inphusy.vn\/en\/"},{"@type":"ListItem","position":2,"name":"Products","item":"http:\/\/inphusy.vn\/en\/shop"},{"@type":"ListItem","position":3,"name":"H\u1ed9p c\u1ee9ng"}]},{"@type":"WebSite","@id":"http:\/\/inphusy.vn\/en\/#website","url":"http:\/\/inphusy.vn\/en\/","name":"C\u00f4ng ty In Ph\u00fa S\u1ef9","description":"C\u00f9ng ph\u00e1t tri\u1ec3n - Let&#039;s grow together","potentialAction":[{"@type":"SearchAction","target":{"@type":"EntryPoint","urlTemplate":"http:\/\/inphusy.vn\/en\/?s={search_term_string}"},"query-input":{"@type":"PropertyValueSpecification","valueRequired":true,"valueName":"search_term_string"}}],"inLanguage":"en-GB"}]}},"_links":{"self":[{"href":"http:\/\/inphusy.vn\/en\/wp-json\/wp\/v2\/product\/3796","targetHints":{"allow":["GET"]}}],"collection":[{"href":"http:\/\/inphusy.vn\/en\/wp-json\/wp\/v2\/product"}],"about":[{"href":"http:\/\/inphusy.vn\/en\/wp-json\/wp\/v2\/types\/product"}],"replies":[{"embeddable":true,"href":"http:\/\/inphusy.vn\/en\/wp-json\/wp\/v2\/comments?post=3796"}],"wp:featuredmedia":[{"embeddable":true,"href":"http:\/\/inphusy.vn\/en\/wp-json\/wp\/v2\/media\/3023"}],"wp:attachment":[{"href":"http:\/\/inphusy.vn\/en\/wp-json\/wp\/v2\/media?parent=3796"}],"wp:term":[{"taxonomy":"product_brand","embeddable":true,"href":"http:\/\/inphusy.vn\/en\/wp-json\/wp\/v2\/product_brand?post=3796"},{"taxonomy":"product_cat","embeddable":true,"href":"http:\/\/inphusy.vn\/en\/wp-json\/wp\/v2\/product_cat?post=3796"},{"taxonomy":"product_tag","embeddable":true,"href":"http:\/\/inphusy.vn\/en\/wp-json\/wp\/v2\/product_tag?post=3796"}],"curies":[{"name":"wp","href":"https:\/\/api.w.org\/{rel}","templated":true}]}}