{"id":2483,"date":"2022-02-23T08:50:49","date_gmt":"2022-02-23T01:50:49","guid":{"rendered":"http:\/\/inphusy.vn\/?page_id=2483"},"modified":"2025-02-11T13:19:35","modified_gmt":"2025-02-11T06:19:35","slug":"hop-mem","status":"publish","type":"page","link":"http:\/\/inphusy.vn\/en\/hop-mem","title":{"rendered":"Paper box packaging"},"content":{"rendered":"<section class=\"fw-main-row  ls section_padding_top_50 section_padding_bottom_50\">\n<div class=\"container\">\n<div class=\"row\">\n<div class=\"col-xs-12 col-sm-6\">\n        <img decoding=\"async\" src=\"\/\/inphusy.vn\/wp-content\/uploads\/2022\/02\/Hop-giay.jpeg\" alt=\"\/\/inphusy.vn\/wp-content\/uploads\/2022\/02\/Hop-giay.jpeg\" \/>    <\/div>\n<div class=\"col-xs-12 col-sm-6\">\n<p><strong>PAPER BOX PACKAGING PRODUCTION<\/strong><\/p>\n<p>Paper box packaging is one of the most popular and common types of packaging in industries ranging from food production to pharmaceuticals, fashion, electronics and other consumer goods. It is widely used because of its good product protection packaging features, high durability and the ability to be customized to suit the needs of each product and brand.<\/p>\n<p>Paper box packaging comes in a variety of sizes, styles and colors to suit your business's packaging needs.<\/p>\n<p>Paper box packaging is a flexible and aesthetic packaging solution. With its versatile customization features and reusability, paper box packaging is a great option for packaging products and increasing the professionalism and brand value of your business.<\/p>\n<p>One of the reasons why paper box packaging has become popular is its recyclability and environmental friendliness.<\/p>\n<\/p><\/div>\n<\/p><\/div>\n<\/p><\/div>\n<\/section>\n<section class=\"fw-main-row  ls section_padding_top_50 section_padding_bottom_50\">\n<div class=\"container\">\n<div class=\"row\">\n<div class=\"col-xs-12 text-center\">\n<div class=\"padding_10  ds ms\">\n<p><strong>SERVICE ADVANTAGES<\/strong><\/p>\n<\/p><\/div>\n<\/p><\/div>\n<div class=\"col-xs-12 col-sm-6 col-md-3 text-center\">\n        <img decoding=\"async\" src=\"\/\/inphusy.vn\/wp-content\/uploads\/2022\/02\/exclusive.png\" alt=\"\/\/inphusy.vn\/wp-content\/uploads\/2022\/02\/exclusive.png\" width=\"100\" \/><\/p>\n<p style=\"text-align: center\"><strong>20 YEARS EXPERIENCE<\/strong><\/p>\n<p style=\"text-align: center\">20 years of practical manufacturing experience<\/p>\n<\/p><\/div>\n<div class=\"col-xs-12 col-sm-6 col-md-3 text-center\">\n        <img decoding=\"async\" src=\"\/\/inphusy.vn\/wp-content\/uploads\/2022\/02\/printing.png\" alt=\"\/\/inphusy.vn\/wp-content\/uploads\/2022\/02\/printing.png\" width=\"100\" \/><\/p>\n<p style=\"text-align: center\"><strong>FACTORY AREA \n4.000M2 <\/strong><\/p>\n<p style=\"text-align: center\">The floor plan is scientifically arranged, optimized for production.<\/p>\n<\/p><\/div>\n<div class=\"col-xs-12 col-sm-6 col-md-3 text-center\">\n        <img decoding=\"async\" src=\"\/\/inphusy.vn\/wp-content\/uploads\/2022\/02\/engineer.png\" alt=\"\/\/inphusy.vn\/wp-content\/uploads\/2022\/02\/engineer.png\" width=\"100\" \/><\/p>\n<p style=\"text-align: center\"><strong>ADVANCED MANAGEMENT SYSTEM<\/strong><\/p>\n<p style=\"text-align: center\">Phu Sy Printing is using synchronous management software from receiving goods to returning goods.<\/p>\n<\/p><\/div>\n<div class=\"col-xs-12 col-sm-6 col-md-3 text-center\">\n        <img decoding=\"async\" src=\"\/\/inphusy.vn\/wp-content\/uploads\/2022\/02\/customer-service.png\" alt=\"\/\/inphusy.vn\/wp-content\/uploads\/2022\/02\/customer-service.png\" width=\"100\" \/><\/p>\n<p style=\"text-align: center\"><strong>FREE CONSULTATION<\/strong><\/p>\n<p style=\"text-align: center\">Ready to provide samples, advice, and answer all customer questions<\/p>\n<\/p><\/div>\n<\/p><\/div>\n<\/p><\/div>\n<\/section>\n<section class=\"fw-main-row  ls section_padding_top_50 section_padding_bottom_50\">\n<div class=\"container\">\n<div class=\"row\">\n<div class=\"col-xs-12 text-center\">\n<div class=\"padding_10  ds ms\">\n<p><strong>PROCESS OF PRINTING SOFT PAPER BOXES AT PHU SY PRINTING<\/strong><\/p>\n<\/p><\/div>\n<\/p><\/div>\n<div class=\"col-xs-12 col-sm-6 col-md-3 text-center\">\n        <img decoding=\"async\" src=\"\/\/inphusy.vn\/wp-content\/uploads\/2022\/02\/1-01.jpg\" alt=\"\/\/inphusy.vn\/wp-content\/uploads\/2022\/02\/1-01.jpg\" width=\"300\" \/><\/p>\n<p class=\"p1\" style=\"text-align: center\"><strong>ACCEPT INPUT REQUEST<\/strong><\/p>\n<p class=\"p1\" style=\"text-align: center\">One employee will be in charge of the entire order fulfillment process from receipt to completion.<\/p>\n<\/p><\/div>\n<div class=\"col-xs-12 col-sm-6 col-md-3 text-center\">\n        <img decoding=\"async\" src=\"\/\/inphusy.vn\/wp-content\/uploads\/2022\/03\/H-05-scaled.jpg\" alt=\"\/\/inphusy.vn\/wp-content\/uploads\/2022\/03\/H-05-scaled.jpg\" width=\"300\" \/><\/p>\n<p class=\"p1\" style=\"text-align: center\"><strong>DETERMINING PRINTING SPECIFICATIONS<\/strong><\/p>\n<p class=\"p1\" style=\"text-align: center\">Technicians determine product specifications before production.<\/p>\n<\/p><\/div>\n<div class=\"col-xs-12 col-sm-6 col-md-3 text-center\">\n        <img decoding=\"async\" src=\"\/\/inphusy.vn\/wp-content\/uploads\/2022\/03\/VHG05548-scaled.jpg\" alt=\"\/\/inphusy.vn\/wp-content\/uploads\/2022\/03\/VHG05548-scaled.jpg\" width=\"300\" \/><\/p>\n<p class=\"p1\" style=\"text-align: center\"><strong>PRODUCTION PROCESS<\/strong><\/p>\n<p class=\"p1\" style=\"text-align: center\">Carry out production according to the technical specifications signed with the customer.<\/p>\n<\/p><\/div>\n<div class=\"col-xs-12 col-sm-6 col-md-3 text-center\">\n        <img decoding=\"async\" src=\"\/\/inphusy.vn\/wp-content\/uploads\/2021\/03\/in-hop-mem.png\" alt=\"\/\/inphusy.vn\/wp-content\/uploads\/2021\/03\/in-hop-mem.png\" width=\"300\" \/><\/p>\n<p class=\"p1\" style=\"text-align: center\"><strong>INSPECTION AND DELIVERY<\/strong><\/p>\n<p class=\"p1\" style=\"text-align: center\">Carefully check specifications, print quality, and post-print processing before delivering goods according to the committed schedule.<\/p>\n<\/p><\/div>\n<\/p><\/div>\n<\/p><\/div>\n<\/section>\n<section class=\"fw-main-row  ls section_padding_top_50 section_padding_bottom_50\">\n<div class=\"container\">\n<div class=\"row\">\n<div class=\"col-xs-12 text-center\">\n<div class=\"padding_10  ds ms\">\n<p style=\"text-align: center\"><strong>Soft Paper Box Packaging Sample<\/strong><\/p>\n<\/p><\/div>\n<\/p><\/div>\n<div class=\"col-xs-12\">\n<div class=\"isotope_container isotope row masonry-layout columns_padding_0\" data-filters=\".isotope_filters-67aaebf7729b2\">\n<div class=\"isotope-item item-layout-item-regular col-lg-3 col-md-4 col-sm-6 col-xs-12 hop-mem\">\n<div class=\"vertical-item gallery-item content-absolute ds\">\n<div class=\"item-media\">\n\t\t\t<img decoding=\"async\" width=\"765\" height=\"510\" src=\"http:\/\/inphusy.vn\/wp-content\/uploads\/2021\/03\/4c63c99f2ef00908127d4edadae709d3-765x510.jpg\" class=\"attachment-post-thumbnail size-post-thumbnail wp-post-image\" alt=\"\" loading=\"lazy\" \/>            <\/p>\n<div class=\"media-links\">\n<div class=\"links-wrap\">\n                    <a class=\"p-view prettyPhoto\" data-gal=\"prettyPhoto[gal-67aaebf7729b2]\" href=\"http:\/\/inphusy.vn\/wp-content\/uploads\/2021\/03\/4c63c99f2ef00908127d4edadae709d3.jpg\"><\/a>\n                <\/div>\n<\/p><\/div>\n<\/p><\/div>\n<div class=\"item-content\">\n<h4 class=\"entry-title thin margin_0\">\n\t\t\t<a href=\"https:\/\/inphusy.vn\/en\/projects\/a-hop-mem-01\/\"><br \/>\n\t\t\t\tA-H\u1ed9p m\u1ec1m 01\t\t\t<\/a><br \/>\n\t\t<\/h4>\n<\/p><\/div>\n<\/div><\/div>\n<div class=\"isotope-item item-layout-item-regular col-lg-3 col-md-4 col-sm-6 col-xs-12 hop-mem\">\n<div class=\"vertical-item gallery-item content-absolute ds\">\n<div class=\"item-media\">\n\t\t\t<img decoding=\"async\" width=\"765\" height=\"510\" src=\"http:\/\/inphusy.vn\/wp-content\/uploads\/2022\/03\/H-07-765x510.jpg\" class=\"attachment-post-thumbnail size-post-thumbnail wp-post-image\" alt=\"\" loading=\"lazy\" \/>            <\/p>\n<div class=\"media-links\">\n<div class=\"links-wrap\">\n                    <a class=\"p-view prettyPhoto\" data-gal=\"prettyPhoto[gal-67aaebf7729b2]\" href=\"http:\/\/inphusy.vn\/wp-content\/uploads\/2022\/03\/H-07-scaled.jpg\"><\/a>\n                <\/div>\n<\/p><\/div>\n<\/p><\/div>\n<div class=\"item-content\">\n<h4 class=\"entry-title thin margin_0\">\n\t\t\t<a href=\"https:\/\/inphusy.vn\/en\/projects\/a-hop-mem-02\/\"><br \/>\n\t\t\t\tA-H\u1ed9p m\u1ec1m 02\t\t\t<\/a><br \/>\n\t\t<\/h4>\n<\/p><\/div>\n<\/div><\/div>\n<div class=\"isotope-item item-layout-item-regular col-lg-3 col-md-4 col-sm-6 col-xs-12 hop-mem\">\n<div class=\"vertical-item gallery-item content-absolute ds\">\n<div class=\"item-media\">\n\t\t\t<img decoding=\"async\" width=\"765\" height=\"510\" src=\"http:\/\/inphusy.vn\/wp-content\/uploads\/2022\/03\/H-06-765x510.jpg\" class=\"attachment-post-thumbnail size-post-thumbnail wp-post-image\" alt=\"\" loading=\"lazy\" \/>            <\/p>\n<div class=\"media-links\">\n<div class=\"links-wrap\">\n                    <a class=\"p-view prettyPhoto\" data-gal=\"prettyPhoto[gal-67aaebf7729b2]\" href=\"http:\/\/inphusy.vn\/wp-content\/uploads\/2022\/03\/H-06-scaled.jpg\"><\/a>\n                <\/div>\n<\/p><\/div>\n<\/p><\/div>\n<div class=\"item-content\">\n<h4 class=\"entry-title thin margin_0\">\n\t\t\t<a href=\"https:\/\/inphusy.vn\/en\/projects\/a-hop-mem-03\/\"><br \/>\n\t\t\t\tA-H\u1ed9p m\u1ec1m 03\t\t\t<\/a><br \/>\n\t\t<\/h4>\n<\/p><\/div>\n<\/div><\/div>\n<div class=\"isotope-item item-layout-item-regular col-lg-3 col-md-4 col-sm-6 col-xs-12 hop-mem\">\n<div class=\"vertical-item gallery-item content-absolute ds\">\n<div class=\"item-media\">\n\t\t\t<img decoding=\"async\" width=\"765\" height=\"510\" src=\"http:\/\/inphusy.vn\/wp-content\/uploads\/2021\/03\/7bdaf08d12139dc797cdd9ce987d616d-765x510.jpg\" class=\"attachment-post-thumbnail size-post-thumbnail wp-post-image\" alt=\"\" loading=\"lazy\" \/>            <\/p>\n<div class=\"media-links\">\n<div class=\"links-wrap\">\n                    <a class=\"p-view prettyPhoto\" data-gal=\"prettyPhoto[gal-67aaebf7729b2]\" href=\"http:\/\/inphusy.vn\/wp-content\/uploads\/2021\/03\/7bdaf08d12139dc797cdd9ce987d616d.jpg\"><\/a>\n                <\/div>\n<\/p><\/div>\n<\/p><\/div>\n<div class=\"item-content\">\n<h4 class=\"entry-title thin margin_0\">\n\t\t\t<a href=\"https:\/\/inphusy.vn\/en\/projects\/a-hop-mem-04\/\"><br \/>\n\t\t\t\tA-H\u1ed9p m\u1ec1m 04\t\t\t<\/a><br \/>\n\t\t<\/h4>\n<\/p><\/div>\n<\/div><\/div>\n<\/p><\/div>\n<p><!-- eof .isotope_container -->    <\/div>\n<\/p><\/div>\n<\/p><\/div>\n<\/section>\n<p><!-- 36a7a24088f55e7337a816e110e9fb20 --><\/p>","protected":false},"excerpt":{"rendered":"<p>S\u1ea2N XU\u1ea4T BAO B\u00cc H\u1ed8P GI\u1ea4Y Bao b\u00ec h\u1ed9p gi\u1ea5y l\u00e0 m\u1ed9t trong nh\u1eefng lo\u1ea1i bao b\u00ec ph\u1ed5 bi\u1ebfn v\u00e0 th\u00f4ng d\u1ee5ng nh\u1ea5t trong c\u00e1c ng\u00e0nh c\u00f4ng nghi\u1ec7p, t\u1eeb s\u1ea3n xu\u1ea5t th\u1ef1c ph\u1ea9m \u0111\u1ebfn d\u01b0\u1ee3c ph\u1ea9m, th\u1eddi trang, \u0111i\u1ec7n t\u1eed v\u00e0 h\u00e0ng ti\u00eau d\u00f9ng kh\u00e1c. N\u00f3 \u0111\u01b0\u1ee3c s\u1eed d\u1ee5ng r\u1ed9ng r\u00e3i b\u1edfi t\u00ednh n\u0103ng \u0111\u00f3ng [&#8230;]","protected":false},"author":1,"featured_media":0,"parent":0,"menu_order":0,"comment_status":"closed","ping_status":"closed","template":"","meta":{"footnotes":""},"class_list":["post-2483","page","type-page","status-publish","hentry"],"yoast_head":"<!-- This site is optimized with the Yoast SEO plugin v27.5 - https:\/\/yoast.com\/product\/yoast-seo-wordpress\/ -->\n<title>Bao b\u00ec h\u1ed9p gi\u1ea5y - C\u00f4ng ty In Ph\u00fa S\u1ef9<\/title>\n<meta name=\"robots\" content=\"index, follow, max-snippet:-1, max-image-preview:large, max-video-preview:-1\" \/>\n<link rel=\"canonical\" href=\"https:\/\/inphusy.vn\/en\/hop-mem\/\" \/>\n<meta property=\"og:locale\" content=\"en_GB\" \/>\n<meta property=\"og:type\" content=\"article\" \/>\n<meta property=\"og:title\" content=\"Bao b\u00ec h\u1ed9p gi\u1ea5y - C\u00f4ng ty In Ph\u00fa S\u1ef9\" \/>\n<meta property=\"og:description\" content=\"S\u1ea2N XU\u1ea4T BAO B\u00cc H\u1ed8P GI\u1ea4Y Bao b\u00ec h\u1ed9p gi\u1ea5y l\u00e0 m\u1ed9t trong nh\u1eefng lo\u1ea1i bao b\u00ec ph\u1ed5 bi\u1ebfn v\u00e0 th\u00f4ng d\u1ee5ng nh\u1ea5t trong c\u00e1c ng\u00e0nh c\u00f4ng nghi\u1ec7p, t\u1eeb s\u1ea3n xu\u1ea5t th\u1ef1c ph\u1ea9m \u0111\u1ebfn d\u01b0\u1ee3c ph\u1ea9m, th\u1eddi trang, \u0111i\u1ec7n t\u1eed v\u00e0 h\u00e0ng ti\u00eau d\u00f9ng kh\u00e1c. N\u00f3 \u0111\u01b0\u1ee3c s\u1eed d\u1ee5ng r\u1ed9ng r\u00e3i b\u1edfi t\u00ednh n\u0103ng \u0111\u00f3ng [...]\" \/>\n<meta property=\"og:url\" content=\"https:\/\/inphusy.vn\/en\/hop-mem\/\" \/>\n<meta property=\"og:site_name\" content=\"C\u00f4ng ty In Ph\u00fa S\u1ef9\" \/>\n<meta property=\"article:modified_time\" content=\"2025-02-11T06:19:35+00:00\" \/>\n<meta property=\"og:image\" content=\"http:\/\/inphusy.vn\/wp-content\/uploads\/2021\/03\/4c63c99f2ef00908127d4edadae709d3-765x510.jpg\" \/>\n<meta name=\"twitter:card\" content=\"summary_large_image\" \/>\n<meta name=\"twitter:label1\" content=\"Est. reading time\" \/>\n\t<meta name=\"twitter:data1\" content=\"6 minutes\" \/>\n<script type=\"application\/ld+json\" class=\"yoast-schema-graph\">{\"@context\":\"https:\\\/\\\/schema.org\",\"@graph\":[{\"@type\":\"WebPage\",\"@id\":\"https:\\\/\\\/inphusy.vn\\\/hop-mem\",\"url\":\"https:\\\/\\\/inphusy.vn\\\/hop-mem\",\"name\":\"Bao b\u00ec h\u1ed9p gi\u1ea5y - C\u00f4ng ty In Ph\u00fa S\u1ef9\",\"isPartOf\":{\"@id\":\"https:\\\/\\\/inphusy.vn\\\/#website\"},\"primaryImageOfPage\":{\"@id\":\"https:\\\/\\\/inphusy.vn\\\/hop-mem#primaryimage\"},\"image\":{\"@id\":\"https:\\\/\\\/inphusy.vn\\\/hop-mem#primaryimage\"},\"thumbnailUrl\":\"http:\\\/\\\/inphusy.vn\\\/wp-content\\\/uploads\\\/2021\\\/03\\\/4c63c99f2ef00908127d4edadae709d3-765x510.jpg\",\"datePublished\":\"2022-02-23T01:50:49+00:00\",\"dateModified\":\"2025-02-11T06:19:35+00:00\",\"breadcrumb\":{\"@id\":\"https:\\\/\\\/inphusy.vn\\\/hop-mem#breadcrumb\"},\"inLanguage\":\"en-GB\",\"potentialAction\":[{\"@type\":\"ReadAction\",\"target\":[\"https:\\\/\\\/inphusy.vn\\\/hop-mem\"]}]},{\"@type\":\"ImageObject\",\"inLanguage\":\"en-GB\",\"@id\":\"https:\\\/\\\/inphusy.vn\\\/hop-mem#primaryimage\",\"url\":\"http:\\\/\\\/inphusy.vn\\\/wp-content\\\/uploads\\\/2021\\\/03\\\/4c63c99f2ef00908127d4edadae709d3-765x510.jpg\",\"contentUrl\":\"http:\\\/\\\/inphusy.vn\\\/wp-content\\\/uploads\\\/2021\\\/03\\\/4c63c99f2ef00908127d4edadae709d3-765x510.jpg\"},{\"@type\":\"BreadcrumbList\",\"@id\":\"https:\\\/\\\/inphusy.vn\\\/hop-mem#breadcrumb\",\"itemListElement\":[{\"@type\":\"ListItem\",\"position\":1,\"name\":\"Trang ch\u1ee7\",\"item\":\"https:\\\/\\\/inphusy.vn\\\/\"},{\"@type\":\"ListItem\",\"position\":2,\"name\":\"Bao b\u00ec h\u1ed9p gi\u1ea5y\"}]},{\"@type\":\"WebSite\",\"@id\":\"https:\\\/\\\/inphusy.vn\\\/#website\",\"url\":\"https:\\\/\\\/inphusy.vn\\\/\",\"name\":\"C\u00f4ng ty In Ph\u00fa S\u1ef9\",\"description\":\"C\u00f9ng ph\u00e1t tri\u1ec3n - Let&#039;s grow together\",\"potentialAction\":[{\"@type\":\"SearchAction\",\"target\":{\"@type\":\"EntryPoint\",\"urlTemplate\":\"https:\\\/\\\/inphusy.vn\\\/?s={search_term_string}\"},\"query-input\":{\"@type\":\"PropertyValueSpecification\",\"valueRequired\":true,\"valueName\":\"search_term_string\"}}],\"inLanguage\":\"en-GB\"}]}<\/script>\n<!-- \/ Yoast SEO plugin. -->","yoast_head_json":{"title":"Bao b\u00ec h\u1ed9p gi\u1ea5y - C\u00f4ng ty In Ph\u00fa S\u1ef9","robots":{"index":"index","follow":"follow","max-snippet":"max-snippet:-1","max-image-preview":"max-image-preview:large","max-video-preview":"max-video-preview:-1"},"canonical":"https:\/\/inphusy.vn\/en\/hop-mem\/","og_locale":"en_GB","og_type":"article","og_title":"Bao b\u00ec h\u1ed9p gi\u1ea5y - C\u00f4ng ty In Ph\u00fa S\u1ef9","og_description":"S\u1ea2N XU\u1ea4T BAO B\u00cc H\u1ed8P GI\u1ea4Y Bao b\u00ec h\u1ed9p gi\u1ea5y l\u00e0 m\u1ed9t trong nh\u1eefng lo\u1ea1i bao b\u00ec ph\u1ed5 bi\u1ebfn v\u00e0 th\u00f4ng d\u1ee5ng nh\u1ea5t trong c\u00e1c ng\u00e0nh c\u00f4ng nghi\u1ec7p, t\u1eeb s\u1ea3n xu\u1ea5t th\u1ef1c ph\u1ea9m \u0111\u1ebfn d\u01b0\u1ee3c ph\u1ea9m, th\u1eddi trang, \u0111i\u1ec7n t\u1eed v\u00e0 h\u00e0ng ti\u00eau d\u00f9ng kh\u00e1c. N\u00f3 \u0111\u01b0\u1ee3c s\u1eed d\u1ee5ng r\u1ed9ng r\u00e3i b\u1edfi t\u00ednh n\u0103ng \u0111\u00f3ng [...]","og_url":"https:\/\/inphusy.vn\/en\/hop-mem\/","og_site_name":"C\u00f4ng ty In Ph\u00fa S\u1ef9","article_modified_time":"2025-02-11T06:19:35+00:00","og_image":[{"url":"http:\/\/inphusy.vn\/wp-content\/uploads\/2021\/03\/4c63c99f2ef00908127d4edadae709d3-765x510.jpg","type":"","width":"","height":""}],"twitter_card":"summary_large_image","twitter_misc":{"Est. reading time":"6 minutes"},"schema":{"@context":"https:\/\/schema.org","@graph":[{"@type":"WebPage","@id":"https:\/\/inphusy.vn\/hop-mem","url":"https:\/\/inphusy.vn\/hop-mem","name":"Bao b\u00ec h\u1ed9p gi\u1ea5y - C\u00f4ng ty In Ph\u00fa S\u1ef9","isPartOf":{"@id":"https:\/\/inphusy.vn\/#website"},"primaryImageOfPage":{"@id":"https:\/\/inphusy.vn\/hop-mem#primaryimage"},"image":{"@id":"https:\/\/inphusy.vn\/hop-mem#primaryimage"},"thumbnailUrl":"http:\/\/inphusy.vn\/wp-content\/uploads\/2021\/03\/4c63c99f2ef00908127d4edadae709d3-765x510.jpg","datePublished":"2022-02-23T01:50:49+00:00","dateModified":"2025-02-11T06:19:35+00:00","breadcrumb":{"@id":"https:\/\/inphusy.vn\/hop-mem#breadcrumb"},"inLanguage":"en-GB","potentialAction":[{"@type":"ReadAction","target":["https:\/\/inphusy.vn\/hop-mem"]}]},{"@type":"ImageObject","inLanguage":"en-GB","@id":"https:\/\/inphusy.vn\/hop-mem#primaryimage","url":"http:\/\/inphusy.vn\/wp-content\/uploads\/2021\/03\/4c63c99f2ef00908127d4edadae709d3-765x510.jpg","contentUrl":"http:\/\/inphusy.vn\/wp-content\/uploads\/2021\/03\/4c63c99f2ef00908127d4edadae709d3-765x510.jpg"},{"@type":"BreadcrumbList","@id":"https:\/\/inphusy.vn\/hop-mem#breadcrumb","itemListElement":[{"@type":"ListItem","position":1,"name":"Trang ch\u1ee7","item":"https:\/\/inphusy.vn\/"},{"@type":"ListItem","position":2,"name":"Bao b\u00ec h\u1ed9p gi\u1ea5y"}]},{"@type":"WebSite","@id":"https:\/\/inphusy.vn\/#website","url":"https:\/\/inphusy.vn\/","name":"C\u00f4ng ty In Ph\u00fa S\u1ef9","description":"C\u00f9ng ph\u00e1t tri\u1ec3n - Let&#039;s grow together","potentialAction":[{"@type":"SearchAction","target":{"@type":"EntryPoint","urlTemplate":"https:\/\/inphusy.vn\/?s={search_term_string}"},"query-input":{"@type":"PropertyValueSpecification","valueRequired":true,"valueName":"search_term_string"}}],"inLanguage":"en-GB"}]}},"_links":{"self":[{"href":"http:\/\/inphusy.vn\/en\/wp-json\/wp\/v2\/pages\/2483","targetHints":{"allow":["GET"]}}],"collection":[{"href":"http:\/\/inphusy.vn\/en\/wp-json\/wp\/v2\/pages"}],"about":[{"href":"http:\/\/inphusy.vn\/en\/wp-json\/wp\/v2\/types\/page"}],"author":[{"embeddable":true,"href":"http:\/\/inphusy.vn\/en\/wp-json\/wp\/v2\/users\/1"}],"replies":[{"embeddable":true,"href":"http:\/\/inphusy.vn\/en\/wp-json\/wp\/v2\/comments?post=2483"}],"version-history":[{"count":10,"href":"http:\/\/inphusy.vn\/en\/wp-json\/wp\/v2\/pages\/2483\/revisions"}],"predecessor-version":[{"id":3745,"href":"http:\/\/inphusy.vn\/en\/wp-json\/wp\/v2\/pages\/2483\/revisions\/3745"}],"wp:attachment":[{"href":"http:\/\/inphusy.vn\/en\/wp-json\/wp\/v2\/media?parent=2483"}],"curies":[{"name":"wp","href":"https:\/\/api.w.org\/{rel}","templated":true}]}}